{"id":14122,"date":"2025-01-17T09:50:18","date_gmt":"2025-01-17T09:50:18","guid":{"rendered":"https:\/\/promochaudiere.be\/produit\/honey-filtre-duplex-ff40\/"},"modified":"2026-02-03T18:13:47","modified_gmt":"2026-02-03T17:13:47","slug":"honey-filtre-duplex-ff40","status":"publish","type":"product","link":"https:\/\/promochaudiere.be\/nl\/product\/honey-filtre-duplex-ff40\/","title":{"rendered":"Honey filtre duplex FF40"},"content":{"rendered":"<p>Le filtre duplex Honeywell FF40 est con\u00e7u pour offrir une double filtration efficace en combinant un pr\u00e9filtre et un filtre \u00e0 charbon actif. Il assure une meilleure qualit\u00e9 d\u2019eau en retenant les impuret\u00e9s et en r\u00e9duisant les substances ind\u00e9sirables. Facile \u00e0 installer et \u00e0 entretenir, il prolonge la dur\u00e9e de vie des installations hydrauliques. Un \u00e9quipement essentiel pour une eau plus propre et plus saine.<\/p>","protected":false},"excerpt":{"rendered":"<p>Honey filtre duplex FF40<\/p>","protected":false},"featured_media":21595,"comment_status":"open","ping_status":"closed","template":"","meta":[],"product_brand":[],"product_cat":[336,8840],"product_tag":[],"class_list":{"0":"post-14122","1":"product","2":"type-product","3":"status-publish","4":"has-post-thumbnail","6":"product_cat-filtre-traitement-deau","7":"product_cat-test","8":"pa_marque-honeywell","10":"first","11":"instock","12":"sale","13":"taxable","14":"shipping-taxable","15":"purchasable","16":"product-type-simple"},"aioseo_notices":[],"_links":{"self":[{"href":"https:\/\/promochaudiere.be\/nl\/wp-json\/wp\/v2\/product\/14122","targetHints":{"allow":["GET"]}}],"collection":[{"href":"https:\/\/promochaudiere.be\/nl\/wp-json\/wp\/v2\/product"}],"about":[{"href":"https:\/\/promochaudiere.be\/nl\/wp-json\/wp\/v2\/types\/product"}],"replies":[{"embeddable":true,"href":"https:\/\/promochaudiere.be\/nl\/wp-json\/wp\/v2\/comments?post=14122"}],"version-history":[{"count":1,"href":"https:\/\/promochaudiere.be\/nl\/wp-json\/wp\/v2\/product\/14122\/revisions"}],"predecessor-version":[{"id":45819,"href":"https:\/\/promochaudiere.be\/nl\/wp-json\/wp\/v2\/product\/14122\/revisions\/45819"}],"wp:featuredmedia":[{"embeddable":true,"href":"https:\/\/promochaudiere.be\/nl\/wp-json\/wp\/v2\/media\/21595"}],"wp:attachment":[{"href":"https:\/\/promochaudiere.be\/nl\/wp-json\/wp\/v2\/media?parent=14122"}],"wp:term":[{"taxonomy":"product_brand","embeddable":true,"href":"https:\/\/promochaudiere.be\/nl\/wp-json\/wp\/v2\/product_brand?post=14122"},{"taxonomy":"product_cat","embeddable":true,"href":"https:\/\/promochaudiere.be\/nl\/wp-json\/wp\/v2\/product_cat?post=14122"},{"taxonomy":"product_tag","embeddable":true,"href":"https:\/\/promochaudiere.be\/nl\/wp-json\/wp\/v2\/product_tag?post=14122"}],"curies":[{"name":"wp","href":"https:\/\/api.w.org\/{rel}","templated":true}]}}