{"id":14123,"date":"2025-01-17T09:50:19","date_gmt":"2025-01-17T09:50:19","guid":{"rendered":"https:\/\/promochaudiere.be\/produit\/passage-de-toit-plat-solar-pour-cables-isole-100mm-mg-420460910\/"},"modified":"2026-02-03T18:14:57","modified_gmt":"2026-02-03T17:14:57","slug":"passage-de-toit-plat-solar-pour-cables-isole-100mm-mg-420460910","status":"publish","type":"product","link":"https:\/\/promochaudiere.be\/nl\/product\/passage-de-toit-plat-solar-pour-cables-isole-100mm-mg-420460910\/","title":{"rendered":"PASSAGE DE TOIT PLAT SOLAR POUR CABLES ISOLE 100MM M&#038;G 420460910"},"content":{"rendered":"<p>Ce passage de toit Solar permet de faire passer les c\u00e2bles isol\u00e9s en toute s\u00e9curit\u00e9. Son design plat facilite son int\u00e9gration aux structures existantes. Son installation rapide assure une \u00e9tanch\u00e9it\u00e9 parfaite. Id\u00e9al pour optimiser le passage des c\u00e2bles sans perte thermique.<\/p>","protected":false},"excerpt":{"rendered":"<p>PASSAGE DE TOIT PLAT SOLAR POUR CABLES ISOLE 100MM M&#038;G 420460910<\/p>","protected":false},"featured_media":22606,"comment_status":"open","ping_status":"closed","template":"","meta":[],"product_brand":[],"product_cat":[2791,8840],"product_tag":[],"class_list":{"0":"post-14123","1":"product","2":"type-product","3":"status-publish","4":"has-post-thumbnail","6":"product_cat-accessoires-de-ventilation","7":"product_cat-test","9":"first","10":"instock","11":"sale","12":"taxable","13":"shipping-taxable","14":"purchasable","15":"product-type-simple"},"aioseo_notices":[],"_links":{"self":[{"href":"https:\/\/promochaudiere.be\/nl\/wp-json\/wp\/v2\/product\/14123","targetHints":{"allow":["GET"]}}],"collection":[{"href":"https:\/\/promochaudiere.be\/nl\/wp-json\/wp\/v2\/product"}],"about":[{"href":"https:\/\/promochaudiere.be\/nl\/wp-json\/wp\/v2\/types\/product"}],"replies":[{"embeddable":true,"href":"https:\/\/promochaudiere.be\/nl\/wp-json\/wp\/v2\/comments?post=14123"}],"version-history":[{"count":1,"href":"https:\/\/promochaudiere.be\/nl\/wp-json\/wp\/v2\/product\/14123\/revisions"}],"predecessor-version":[{"id":53136,"href":"https:\/\/promochaudiere.be\/nl\/wp-json\/wp\/v2\/product\/14123\/revisions\/53136"}],"wp:featuredmedia":[{"embeddable":true,"href":"https:\/\/promochaudiere.be\/nl\/wp-json\/wp\/v2\/media\/22606"}],"wp:attachment":[{"href":"https:\/\/promochaudiere.be\/nl\/wp-json\/wp\/v2\/media?parent=14123"}],"wp:term":[{"taxonomy":"product_brand","embeddable":true,"href":"https:\/\/promochaudiere.be\/nl\/wp-json\/wp\/v2\/product_brand?post=14123"},{"taxonomy":"product_cat","embeddable":true,"href":"https:\/\/promochaudiere.be\/nl\/wp-json\/wp\/v2\/product_cat?post=14123"},{"taxonomy":"product_tag","embeddable":true,"href":"https:\/\/promochaudiere.be\/nl\/wp-json\/wp\/v2\/product_tag?post=14123"}],"curies":[{"name":"wp","href":"https:\/\/api.w.org\/{rel}","templated":true}]}}