{"id":14126,"date":"2025-01-17T09:50:20","date_gmt":"2025-01-17T09:50:20","guid":{"rendered":"https:\/\/promochaudiere.be\/produit\/honeywell-filtre-a-eau-miniplus-braukmann-ff06-3-4aa-ff0634aa\/"},"modified":"2026-02-03T18:14:57","modified_gmt":"2026-02-03T17:14:57","slug":"honeywell-filtre-a-eau-miniplus-braukmann-ff06-3-4aa-ff0634aa","status":"publish","type":"product","link":"https:\/\/promochaudiere.be\/nl\/product\/honeywell-filtre-a-eau-miniplus-braukmann-ff06-3-4aa-ff0634aa\/","title":{"rendered":"Honeywell filtre \u00e0 eau miniplus braukmann ff06-3\/4aa FF0634AA"},"content":{"rendered":"<p>Le filtre \u00e0 eau Honeywell FF06-3\/4AA est id\u00e9al pour filtrer les impuret\u00e9s pr\u00e9sentes dans l\u2019eau domestique. Il emp\u00eache l\u2019accumulation de s\u00e9diments dans les tuyaux et les appareils sanitaires. Son design compact permet une installation facile sur les circuits d\u2019eau. Sa cartouche rempla\u00e7able assure un entretien simple et rapide. Un excellent choix pour am\u00e9liorer la qualit\u00e9 de l\u2019eau potable.<\/p>","protected":false},"excerpt":{"rendered":"<p>Honeywell filtre \u00e0 eau miniplus braukmann ff06-3\/4aa FF0634AA<\/p>","protected":false},"featured_media":21590,"comment_status":"open","ping_status":"closed","template":"","meta":[],"product_brand":[],"product_cat":[336,8840],"product_tag":[],"class_list":{"0":"post-14126","1":"product","2":"type-product","3":"status-publish","4":"has-post-thumbnail","6":"product_cat-filtre-traitement-deau","7":"product_cat-test","8":"pa_marque-honeywell","10":"first","11":"instock","12":"sale","13":"taxable","14":"shipping-taxable","15":"purchasable","16":"product-type-simple"},"aioseo_notices":[],"_links":{"self":[{"href":"https:\/\/promochaudiere.be\/nl\/wp-json\/wp\/v2\/product\/14126","targetHints":{"allow":["GET"]}}],"collection":[{"href":"https:\/\/promochaudiere.be\/nl\/wp-json\/wp\/v2\/product"}],"about":[{"href":"https:\/\/promochaudiere.be\/nl\/wp-json\/wp\/v2\/types\/product"}],"replies":[{"embeddable":true,"href":"https:\/\/promochaudiere.be\/nl\/wp-json\/wp\/v2\/comments?post=14126"}],"version-history":[{"count":1,"href":"https:\/\/promochaudiere.be\/nl\/wp-json\/wp\/v2\/product\/14126\/revisions"}],"predecessor-version":[{"id":45814,"href":"https:\/\/promochaudiere.be\/nl\/wp-json\/wp\/v2\/product\/14126\/revisions\/45814"}],"wp:featuredmedia":[{"embeddable":true,"href":"https:\/\/promochaudiere.be\/nl\/wp-json\/wp\/v2\/media\/21590"}],"wp:attachment":[{"href":"https:\/\/promochaudiere.be\/nl\/wp-json\/wp\/v2\/media?parent=14126"}],"wp:term":[{"taxonomy":"product_brand","embeddable":true,"href":"https:\/\/promochaudiere.be\/nl\/wp-json\/wp\/v2\/product_brand?post=14126"},{"taxonomy":"product_cat","embeddable":true,"href":"https:\/\/promochaudiere.be\/nl\/wp-json\/wp\/v2\/product_cat?post=14126"},{"taxonomy":"product_tag","embeddable":true,"href":"https:\/\/promochaudiere.be\/nl\/wp-json\/wp\/v2\/product_tag?post=14126"}],"curies":[{"name":"wp","href":"https:\/\/api.w.org\/{rel}","templated":true}]}}