{"id":14127,"date":"2025-01-17T09:50:20","date_gmt":"2025-01-17T09:50:20","guid":{"rendered":"https:\/\/promochaudiere.be\/produit\/bulex-moteur-vanne-3-voies-s1053700\/"},"modified":"2026-02-03T18:14:57","modified_gmt":"2026-02-03T17:14:57","slug":"bulex-moteur-vanne-3-voies-s1053700","status":"publish","type":"product","link":"https:\/\/promochaudiere.be\/nl\/product\/bulex-moteur-vanne-3-voies-s1053700\/","title":{"rendered":"Bulex Moteur vanne 3 voies S1053700"},"content":{"rendered":"<p>Le moteur de vanne 3 voies Bulex permet une r\u00e9gulation automatique du circuit de chauffage. Il assure un fonctionnement silencieux et une gestion efficace de la temp\u00e9rature. Facile \u00e0 installer, il garantit une compatibilit\u00e9 parfaite avec les vannes 3 voies de la marque. Il optimise le rendement \u00e9nerg\u00e9tique en dirigeant l\u2019eau vers les circuits de chauffage ou d\u2019eau chaude sanitaire. Un \u00e9l\u00e9ment essentiel pour un confort thermique optimal.<\/p>","protected":false},"excerpt":{"rendered":"<p>Bulex Moteur vanne 3 voies S1053700<\/p>","protected":false},"featured_media":22022,"comment_status":"open","ping_status":"closed","template":"","meta":[],"product_brand":[],"product_cat":[9507,8840],"product_tag":[],"class_list":{"0":"post-14127","1":"product","2":"type-product","3":"status-publish","4":"has-post-thumbnail","6":"product_cat-pieces-detachees-bulex","7":"product_cat-test","8":"pa_marque-bulex","10":"first","11":"instock","12":"sale","13":"taxable","14":"shipping-taxable","15":"purchasable","16":"product-type-simple"},"aioseo_notices":[],"_links":{"self":[{"href":"https:\/\/promochaudiere.be\/nl\/wp-json\/wp\/v2\/product\/14127","targetHints":{"allow":["GET"]}}],"collection":[{"href":"https:\/\/promochaudiere.be\/nl\/wp-json\/wp\/v2\/product"}],"about":[{"href":"https:\/\/promochaudiere.be\/nl\/wp-json\/wp\/v2\/types\/product"}],"replies":[{"embeddable":true,"href":"https:\/\/promochaudiere.be\/nl\/wp-json\/wp\/v2\/comments?post=14127"}],"version-history":[{"count":1,"href":"https:\/\/promochaudiere.be\/nl\/wp-json\/wp\/v2\/product\/14127\/revisions"}],"predecessor-version":[{"id":45815,"href":"https:\/\/promochaudiere.be\/nl\/wp-json\/wp\/v2\/product\/14127\/revisions\/45815"}],"wp:featuredmedia":[{"embeddable":true,"href":"https:\/\/promochaudiere.be\/nl\/wp-json\/wp\/v2\/media\/22022"}],"wp:attachment":[{"href":"https:\/\/promochaudiere.be\/nl\/wp-json\/wp\/v2\/media?parent=14127"}],"wp:term":[{"taxonomy":"product_brand","embeddable":true,"href":"https:\/\/promochaudiere.be\/nl\/wp-json\/wp\/v2\/product_brand?post=14127"},{"taxonomy":"product_cat","embeddable":true,"href":"https:\/\/promochaudiere.be\/nl\/wp-json\/wp\/v2\/product_cat?post=14127"},{"taxonomy":"product_tag","embeddable":true,"href":"https:\/\/promochaudiere.be\/nl\/wp-json\/wp\/v2\/product_tag?post=14127"}],"curies":[{"name":"wp","href":"https:\/\/api.w.org\/{rel}","templated":true}]}}