{"id":14129,"date":"2025-01-17T09:50:21","date_gmt":"2025-01-17T09:50:21","guid":{"rendered":"https:\/\/promochaudiere.be\/produit\/vaillant-thermostat-dambiance-modulaire-numerique-sans-minuterie-vaillant-calormatic-vrt50-bifilaire-classe-v-3-0010038663\/"},"modified":"2026-02-03T18:13:47","modified_gmt":"2026-02-03T17:13:47","slug":"vaillant-thermostat-dambiance-modulaire-numerique-sans-minuterie-vaillant-calormatic-vrt50-bifilaire-classe-v-3-0010038663","status":"publish","type":"product","link":"https:\/\/promochaudiere.be\/nl\/product\/vaillant-thermostat-dambiance-modulaire-numerique-sans-minuterie-vaillant-calormatic-vrt50-bifilaire-classe-v-3-0010038663\/","title":{"rendered":"Vaillant thermostat d&rsquo;ambiance modulaire num\u00e9rique sans minuterie vaillant calormatic VRT50 bifilaire classe V (3%) 0010038663"},"content":{"rendered":"<p>Ce thermostat num\u00e9rique Vaillant offre une r\u00e9gulation avanc\u00e9e du chauffage gr\u00e2ce \u00e0 une interface intuitive. Son \u00e9cran digital permet un r\u00e9glage pr\u00e9cis des temp\u00e9ratures pour un confort optimal. Il ajuste automatiquement la puissance de la chaudi\u00e8re en fonction des besoins. Compatible avec les syst\u00e8mes de chauffage Vaillant, il assure une efficacit\u00e9 \u00e9nerg\u00e9tique accrue.<\/p>","protected":false},"excerpt":{"rendered":"<p>Vaillant thermostat d&rsquo;ambiance modulaire num\u00e9rique sans minuterie vaillant calormatic VRT50 bifilaire classe V (3%) 0010038663<\/p>","protected":false},"featured_media":21851,"comment_status":"open","ping_status":"closed","template":"","meta":[],"product_brand":[],"product_cat":[8840,532],"product_tag":[],"class_list":{"0":"post-14129","1":"product","2":"type-product","3":"status-publish","4":"has-post-thumbnail","6":"product_cat-test","7":"product_cat-thermostat-vaillant-fr","8":"pa_marque-vaillant","10":"first","11":"instock","12":"sale","13":"taxable","14":"shipping-taxable","15":"purchasable","16":"product-type-simple"},"aioseo_notices":[],"_links":{"self":[{"href":"https:\/\/promochaudiere.be\/nl\/wp-json\/wp\/v2\/product\/14129","targetHints":{"allow":["GET"]}}],"collection":[{"href":"https:\/\/promochaudiere.be\/nl\/wp-json\/wp\/v2\/product"}],"about":[{"href":"https:\/\/promochaudiere.be\/nl\/wp-json\/wp\/v2\/types\/product"}],"replies":[{"embeddable":true,"href":"https:\/\/promochaudiere.be\/nl\/wp-json\/wp\/v2\/comments?post=14129"}],"version-history":[{"count":1,"href":"https:\/\/promochaudiere.be\/nl\/wp-json\/wp\/v2\/product\/14129\/revisions"}],"predecessor-version":[{"id":53135,"href":"https:\/\/promochaudiere.be\/nl\/wp-json\/wp\/v2\/product\/14129\/revisions\/53135"}],"wp:featuredmedia":[{"embeddable":true,"href":"https:\/\/promochaudiere.be\/nl\/wp-json\/wp\/v2\/media\/21851"}],"wp:attachment":[{"href":"https:\/\/promochaudiere.be\/nl\/wp-json\/wp\/v2\/media?parent=14129"}],"wp:term":[{"taxonomy":"product_brand","embeddable":true,"href":"https:\/\/promochaudiere.be\/nl\/wp-json\/wp\/v2\/product_brand?post=14129"},{"taxonomy":"product_cat","embeddable":true,"href":"https:\/\/promochaudiere.be\/nl\/wp-json\/wp\/v2\/product_cat?post=14129"},{"taxonomy":"product_tag","embeddable":true,"href":"https:\/\/promochaudiere.be\/nl\/wp-json\/wp\/v2\/product_tag?post=14129"}],"curies":[{"name":"wp","href":"https:\/\/api.w.org\/{rel}","templated":true}]}}