{"id":14134,"date":"2025-01-17T09:50:22","date_gmt":"2025-01-17T09:50:22","guid":{"rendered":"https:\/\/promochaudiere.be\/produit\/herrmann-relais-pour-golling-gl2-glv2m1-m3-gl5-1001000015\/"},"modified":"2026-02-03T18:14:57","modified_gmt":"2026-02-03T17:14:57","slug":"herrmann-relais-pour-golling-gl2-glv2m1-m3-gl5-1001000015","status":"publish","type":"product","link":"https:\/\/promochaudiere.be\/nl\/product\/herrmann-relais-pour-golling-gl2-glv2m1-m3-gl5-1001000015\/","title":{"rendered":"HERRMANN RELAIS POUR GOLLING GL2-GLV2M1\/M3-GL5 + 1001000015"},"content":{"rendered":"<p>Ce relais assure une gestion automatique et s\u00e9curis\u00e9e des br\u00fbleurs \u00e0 fioul. Il permet une commande pr\u00e9cise des cycles d\u2019allumage et d\u2019arr\u00eat. Son installation simple garantit une mise en service rapide. Il am\u00e9liore la stabilit\u00e9 du syst\u00e8me en \u00e9vitant les surchauffes. Fabriqu\u00e9 avec des composants de haute qualit\u00e9, il offre une grande fiabilit\u00e9. Un \u00e9l\u00e9ment essentiel pour un contr\u00f4le optimal des br\u00fbleurs.<\/p>","protected":false},"excerpt":{"rendered":"<p>HERRMANN RELAIS POUR GOLLING GL2-GLV2M1\/M3-GL5 + 1001000015<\/p>","protected":false},"featured_media":22299,"comment_status":"open","ping_status":"closed","template":"","meta":[],"product_brand":[],"product_cat":[5515,8840],"product_tag":[],"class_list":{"0":"post-14134","1":"product","2":"type-product","3":"status-publish","4":"has-post-thumbnail","6":"product_cat-accessoires-fioul","7":"product_cat-test","9":"first","10":"instock","11":"sale","12":"taxable","13":"shipping-taxable","14":"purchasable","15":"product-type-simple"},"aioseo_notices":[],"_links":{"self":[{"href":"https:\/\/promochaudiere.be\/nl\/wp-json\/wp\/v2\/product\/14134","targetHints":{"allow":["GET"]}}],"collection":[{"href":"https:\/\/promochaudiere.be\/nl\/wp-json\/wp\/v2\/product"}],"about":[{"href":"https:\/\/promochaudiere.be\/nl\/wp-json\/wp\/v2\/types\/product"}],"replies":[{"embeddable":true,"href":"https:\/\/promochaudiere.be\/nl\/wp-json\/wp\/v2\/comments?post=14134"}],"version-history":[{"count":1,"href":"https:\/\/promochaudiere.be\/nl\/wp-json\/wp\/v2\/product\/14134\/revisions"}],"predecessor-version":[{"id":53133,"href":"https:\/\/promochaudiere.be\/nl\/wp-json\/wp\/v2\/product\/14134\/revisions\/53133"}],"wp:featuredmedia":[{"embeddable":true,"href":"https:\/\/promochaudiere.be\/nl\/wp-json\/wp\/v2\/media\/22299"}],"wp:attachment":[{"href":"https:\/\/promochaudiere.be\/nl\/wp-json\/wp\/v2\/media?parent=14134"}],"wp:term":[{"taxonomy":"product_brand","embeddable":true,"href":"https:\/\/promochaudiere.be\/nl\/wp-json\/wp\/v2\/product_brand?post=14134"},{"taxonomy":"product_cat","embeddable":true,"href":"https:\/\/promochaudiere.be\/nl\/wp-json\/wp\/v2\/product_cat?post=14134"},{"taxonomy":"product_tag","embeddable":true,"href":"https:\/\/promochaudiere.be\/nl\/wp-json\/wp\/v2\/product_tag?post=14134"}],"curies":[{"name":"wp","href":"https:\/\/api.w.org\/{rel}","templated":true}]}}