{"id":14135,"date":"2025-01-17T09:50:23","date_gmt":"2025-01-17T09:50:23","guid":{"rendered":"https:\/\/promochaudiere.be\/produit\/honeywell-moteurcontact-auxiliaire-pour-vanne-de-zone-230v-vc4613zz00u\/"},"modified":"2026-02-03T18:14:57","modified_gmt":"2026-02-03T17:14:57","slug":"honeywell-moteurcontact-auxiliaire-pour-vanne-de-zone-230v-vc4613zz00u","status":"publish","type":"product","link":"https:\/\/promochaudiere.be\/nl\/product\/honeywell-moteurcontact-auxiliaire-pour-vanne-de-zone-230v-vc4613zz00u\/","title":{"rendered":"Honeywell Moteur+contact auxiliaire pour vanne de zone  230V VC4613ZZ00U"},"content":{"rendered":"<p>Ce moteur Honeywell avec contact auxiliaire assure une r\u00e9gulation automatique des vannes motoris\u00e9es. Il permet un ajustement pr\u00e9cis du d\u00e9bit de chauffage. Sa conception robuste garantit une performance durable. Facile \u00e0 poser, il est compatible avec divers mod\u00e8les de vannes. Un \u00e9l\u00e9ment cl\u00e9 pour une gestion thermique optimale.<\/p>","protected":false},"excerpt":{"rendered":"<p>Honeywell Moteur+contact auxiliaire pour vanne de zone  230V VC4613ZZ00U<\/p>","protected":false},"featured_media":22581,"comment_status":"open","ping_status":"closed","template":"","meta":[],"product_brand":[],"product_cat":[8840,5519],"product_tag":[],"class_list":{"0":"post-14135","1":"product","2":"type-product","3":"status-publish","4":"has-post-thumbnail","6":"product_cat-test","7":"product_cat-vanne","8":"pa_marque-honeywell","10":"first","11":"instock","12":"sale","13":"taxable","14":"shipping-taxable","15":"purchasable","16":"product-type-simple"},"aioseo_notices":[],"_links":{"self":[{"href":"https:\/\/promochaudiere.be\/nl\/wp-json\/wp\/v2\/product\/14135","targetHints":{"allow":["GET"]}}],"collection":[{"href":"https:\/\/promochaudiere.be\/nl\/wp-json\/wp\/v2\/product"}],"about":[{"href":"https:\/\/promochaudiere.be\/nl\/wp-json\/wp\/v2\/types\/product"}],"replies":[{"embeddable":true,"href":"https:\/\/promochaudiere.be\/nl\/wp-json\/wp\/v2\/comments?post=14135"}],"version-history":[{"count":1,"href":"https:\/\/promochaudiere.be\/nl\/wp-json\/wp\/v2\/product\/14135\/revisions"}],"predecessor-version":[{"id":45810,"href":"https:\/\/promochaudiere.be\/nl\/wp-json\/wp\/v2\/product\/14135\/revisions\/45810"}],"wp:featuredmedia":[{"embeddable":true,"href":"https:\/\/promochaudiere.be\/nl\/wp-json\/wp\/v2\/media\/22581"}],"wp:attachment":[{"href":"https:\/\/promochaudiere.be\/nl\/wp-json\/wp\/v2\/media?parent=14135"}],"wp:term":[{"taxonomy":"product_brand","embeddable":true,"href":"https:\/\/promochaudiere.be\/nl\/wp-json\/wp\/v2\/product_brand?post=14135"},{"taxonomy":"product_cat","embeddable":true,"href":"https:\/\/promochaudiere.be\/nl\/wp-json\/wp\/v2\/product_cat?post=14135"},{"taxonomy":"product_tag","embeddable":true,"href":"https:\/\/promochaudiere.be\/nl\/wp-json\/wp\/v2\/product_tag?post=14135"}],"curies":[{"name":"wp","href":"https:\/\/api.w.org\/{rel}","templated":true}]}}