{"id":14141,"date":"2025-01-17T09:50:25","date_gmt":"2025-01-17T09:50:25","guid":{"rendered":"https:\/\/promochaudiere.be\/produit\/emetteur-impuls-cyble-k10-t3cib2k0010\/"},"modified":"2026-02-03T18:15:05","modified_gmt":"2026-02-03T17:15:05","slug":"emetteur-impuls-cyble-k10-t3cib2k0010","status":"publish","type":"product","link":"https:\/\/promochaudiere.be\/nl\/product\/emetteur-impuls-cyble-k10-t3cib2k0010\/","title":{"rendered":"EMETTEUR IMPULS. CYBLE K10 T3CIB2K0010"},"content":{"rendered":"<p>Cet \u00e9metteur d\u2019impulsions permet de transmettre les donn\u00e9es de consommation d\u2019eau ou d\u2019\u00e9nergie en temps r\u00e9el. Il assure une compatibilit\u00e9 avec les compteurs \u00e9quip\u00e9s de la technologie Cyble. Sa conception robuste garantit une transmission fiable et durable. Facile \u00e0 installer, il am\u00e9liore la gestion des relev\u00e9s \u00e0 distance. Il contribue \u00e0 une surveillance plus pr\u00e9cise des consommations. Un accessoire essentiel pour une gestion \u00e9nerg\u00e9tique optimis\u00e9e.<\/p>","protected":false},"excerpt":{"rendered":"<p>EMETTEUR IMPULS. CYBLE K10 T3CIB2K0010<\/p>","protected":false},"featured_media":22420,"comment_status":"open","ping_status":"closed","template":"","meta":[],"product_brand":[],"product_cat":[822,8840],"product_tag":[],"class_list":{"0":"post-14141","1":"product","2":"type-product","3":"status-publish","4":"has-post-thumbnail","6":"product_cat-accessoire","7":"product_cat-test","9":"first","10":"instock","11":"sale","12":"taxable","13":"shipping-taxable","14":"purchasable","15":"product-type-simple"},"aioseo_notices":[],"_links":{"self":[{"href":"https:\/\/promochaudiere.be\/nl\/wp-json\/wp\/v2\/product\/14141","targetHints":{"allow":["GET"]}}],"collection":[{"href":"https:\/\/promochaudiere.be\/nl\/wp-json\/wp\/v2\/product"}],"about":[{"href":"https:\/\/promochaudiere.be\/nl\/wp-json\/wp\/v2\/types\/product"}],"replies":[{"embeddable":true,"href":"https:\/\/promochaudiere.be\/nl\/wp-json\/wp\/v2\/comments?post=14141"}],"version-history":[{"count":1,"href":"https:\/\/promochaudiere.be\/nl\/wp-json\/wp\/v2\/product\/14141\/revisions"}],"predecessor-version":[{"id":53129,"href":"https:\/\/promochaudiere.be\/nl\/wp-json\/wp\/v2\/product\/14141\/revisions\/53129"}],"wp:featuredmedia":[{"embeddable":true,"href":"https:\/\/promochaudiere.be\/nl\/wp-json\/wp\/v2\/media\/22420"}],"wp:attachment":[{"href":"https:\/\/promochaudiere.be\/nl\/wp-json\/wp\/v2\/media?parent=14141"}],"wp:term":[{"taxonomy":"product_brand","embeddable":true,"href":"https:\/\/promochaudiere.be\/nl\/wp-json\/wp\/v2\/product_brand?post=14141"},{"taxonomy":"product_cat","embeddable":true,"href":"https:\/\/promochaudiere.be\/nl\/wp-json\/wp\/v2\/product_cat?post=14141"},{"taxonomy":"product_tag","embeddable":true,"href":"https:\/\/promochaudiere.be\/nl\/wp-json\/wp\/v2\/product_tag?post=14141"}],"curies":[{"name":"wp","href":"https:\/\/api.w.org\/{rel}","templated":true}]}}