{"id":14142,"date":"2025-01-17T09:50:25","date_gmt":"2025-01-17T09:50:25","guid":{"rendered":"https:\/\/promochaudiere.be\/produit\/vanne-melangeuse-3-voies-vrg131-esbe-dn25-63kvs-4-4f-11601000\/"},"modified":"2026-02-03T18:14:58","modified_gmt":"2026-02-03T17:14:58","slug":"vanne-melangeuse-3-voies-vrg131-esbe-dn25-63kvs-4-4f-11601000","status":"publish","type":"product","link":"https:\/\/promochaudiere.be\/nl\/product\/vanne-melangeuse-3-voies-vrg131-esbe-dn25-63kvs-4-4f-11601000\/","title":{"rendered":"VANNE MELANGEUSE 3 VOIES VRG131 ESBE DN25-6,3KVS 4\/4&Prime;F 11601000"},"content":{"rendered":"<p>Cette vanne ESBE est con\u00e7ue pour une gestion pr\u00e9cise du d\u00e9bit et de la temp\u00e9rature dans les circuits de chauffage. Son format DN25 avec un Kvs de 6,3 assure une compatibilit\u00e9 avec diverses installations. Son mat\u00e9riau de fabrication garantit une durabilit\u00e9 optimale. Facile \u00e0 r\u00e9gler, elle am\u00e9liore la stabilit\u00e9 thermique. Un choix id\u00e9al pour une r\u00e9gulation fiable.<\/p>","protected":false},"excerpt":{"rendered":"<p>VANNE MELANGEUSE 3 VOIES VRG131 ESBE DN25-6,3KVS 4\/4&Prime;F 11601000<\/p>","protected":false},"featured_media":21119,"comment_status":"open","ping_status":"closed","template":"","meta":[],"product_brand":[],"product_cat":[5519],"product_tag":[],"class_list":{"0":"post-14142","1":"product","2":"type-product","3":"status-publish","4":"has-post-thumbnail","6":"product_cat-vanne","8":"first","9":"instock","10":"sale","11":"taxable","12":"shipping-taxable","13":"purchasable","14":"product-type-simple"},"aioseo_notices":[],"_links":{"self":[{"href":"https:\/\/promochaudiere.be\/nl\/wp-json\/wp\/v2\/product\/14142","targetHints":{"allow":["GET"]}}],"collection":[{"href":"https:\/\/promochaudiere.be\/nl\/wp-json\/wp\/v2\/product"}],"about":[{"href":"https:\/\/promochaudiere.be\/nl\/wp-json\/wp\/v2\/types\/product"}],"replies":[{"embeddable":true,"href":"https:\/\/promochaudiere.be\/nl\/wp-json\/wp\/v2\/comments?post=14142"}],"version-history":[{"count":1,"href":"https:\/\/promochaudiere.be\/nl\/wp-json\/wp\/v2\/product\/14142\/revisions"}],"predecessor-version":[{"id":53128,"href":"https:\/\/promochaudiere.be\/nl\/wp-json\/wp\/v2\/product\/14142\/revisions\/53128"}],"wp:featuredmedia":[{"embeddable":true,"href":"https:\/\/promochaudiere.be\/nl\/wp-json\/wp\/v2\/media\/21119"}],"wp:attachment":[{"href":"https:\/\/promochaudiere.be\/nl\/wp-json\/wp\/v2\/media?parent=14142"}],"wp:term":[{"taxonomy":"product_brand","embeddable":true,"href":"https:\/\/promochaudiere.be\/nl\/wp-json\/wp\/v2\/product_brand?post=14142"},{"taxonomy":"product_cat","embeddable":true,"href":"https:\/\/promochaudiere.be\/nl\/wp-json\/wp\/v2\/product_cat?post=14142"},{"taxonomy":"product_tag","embeddable":true,"href":"https:\/\/promochaudiere.be\/nl\/wp-json\/wp\/v2\/product_tag?post=14142"}],"curies":[{"name":"wp","href":"https:\/\/api.w.org\/{rel}","templated":true}]}}