{"id":14144,"date":"2025-01-17T09:50:26","date_gmt":"2025-01-17T09:50:26","guid":{"rendered":"https:\/\/promochaudiere.be\/produit\/filtre-a-eau-cintropur-nw25-4-4-fwccnw250\/"},"modified":"2026-02-03T18:14:57","modified_gmt":"2026-02-03T17:14:57","slug":"filtre-a-eau-cintropur-nw25-4-4-fwccnw250","status":"publish","type":"product","link":"https:\/\/promochaudiere.be\/nl\/product\/filtre-a-eau-cintropur-nw25-4-4-fwccnw250\/","title":{"rendered":"Filtre \u00e0 eau cintropur  nw25 &#8211; 4\/4 FWCCNW250"},"content":{"rendered":"<p>Le filtre Cintropur NW25 offre une protection optimale contre les particules en suspension dans l\u2019eau. Il assure une eau plus claire et am\u00e9liore la durabilit\u00e9 des \u00e9quipements sanitaires. Facile \u00e0 installer, il est id\u00e9al pour les habitations et les installations industrielles.<\/p>","protected":false},"excerpt":{"rendered":"<p>Filtre \u00e0 eau cintropur  nw25 &#8211; 4\/4 FWCCNW250<\/p>","protected":false},"featured_media":21594,"comment_status":"open","ping_status":"closed","template":"","meta":[],"product_brand":[],"product_cat":[336,8840],"product_tag":[],"class_list":{"0":"post-14144","1":"product","2":"type-product","3":"status-publish","4":"has-post-thumbnail","6":"product_cat-filtre-traitement-deau","7":"product_cat-test","9":"first","10":"instock","11":"sale","12":"taxable","13":"shipping-taxable","14":"purchasable","15":"product-type-simple"},"aioseo_notices":[],"_links":{"self":[{"href":"https:\/\/promochaudiere.be\/nl\/wp-json\/wp\/v2\/product\/14144","targetHints":{"allow":["GET"]}}],"collection":[{"href":"https:\/\/promochaudiere.be\/nl\/wp-json\/wp\/v2\/product"}],"about":[{"href":"https:\/\/promochaudiere.be\/nl\/wp-json\/wp\/v2\/types\/product"}],"replies":[{"embeddable":true,"href":"https:\/\/promochaudiere.be\/nl\/wp-json\/wp\/v2\/comments?post=14144"}],"version-history":[{"count":1,"href":"https:\/\/promochaudiere.be\/nl\/wp-json\/wp\/v2\/product\/14144\/revisions"}],"predecessor-version":[{"id":53127,"href":"https:\/\/promochaudiere.be\/nl\/wp-json\/wp\/v2\/product\/14144\/revisions\/53127"}],"wp:featuredmedia":[{"embeddable":true,"href":"https:\/\/promochaudiere.be\/nl\/wp-json\/wp\/v2\/media\/21594"}],"wp:attachment":[{"href":"https:\/\/promochaudiere.be\/nl\/wp-json\/wp\/v2\/media?parent=14144"}],"wp:term":[{"taxonomy":"product_brand","embeddable":true,"href":"https:\/\/promochaudiere.be\/nl\/wp-json\/wp\/v2\/product_brand?post=14144"},{"taxonomy":"product_cat","embeddable":true,"href":"https:\/\/promochaudiere.be\/nl\/wp-json\/wp\/v2\/product_cat?post=14144"},{"taxonomy":"product_tag","embeddable":true,"href":"https:\/\/promochaudiere.be\/nl\/wp-json\/wp\/v2\/product_tag?post=14144"}],"curies":[{"name":"wp","href":"https:\/\/api.w.org\/{rel}","templated":true}]}}