{"id":14145,"date":"2025-01-17T09:50:26","date_gmt":"2025-01-17T09:50:26","guid":{"rendered":"https:\/\/promochaudiere.be\/produit\/daalderop-groupe-de-securite-chauffe-eau-30-150l-8bar-079264051\/"},"modified":"2026-04-24T18:55:57","modified_gmt":"2026-04-24T16:55:57","slug":"daalderop-groupe-de-securite-chauffe-eau-30-150l-8bar-079264051","status":"publish","type":"product","link":"https:\/\/promochaudiere.be\/nl\/product\/daalderop-groupe-de-securite-chauffe-eau-30-150l-8bar-079264051\/","title":{"rendered":"Daalderop groupe de s\u00e9curit\u00e9 chauffe-eau 30-150L 8bar   079264051"},"content":{"rendered":"<p>Ce groupe de s\u00e9curit\u00e9 prot\u00e8ge efficacement les chauffe-eaux de 30 \u00e0 150 litres. Il r\u00e9gule la pression interne et emp\u00eache les surpressions dangereuses. Son fonctionnement fiable assure une \u00e9vacuation automatique des exc\u00e8s de pression. Con\u00e7u en mat\u00e9riaux durables, il garantit une utilisation longue dur\u00e9e. Facile \u00e0 installer, il s\u2019adapte aux syst\u00e8mes de plomberie standards. Un dispositif essentiel pour la s\u00e9curit\u00e9 et la long\u00e9vit\u00e9 des chauffe-eaux.<\/p>","protected":false},"excerpt":{"rendered":"<p>Daalderop groupe de s\u00e9curit\u00e9 chauffe-eau 30-150L 8bar 079264051<\/p>","protected":false},"featured_media":22185,"comment_status":"closed","ping_status":"closed","template":"","meta":[],"product_brand":[],"product_cat":[5675,8840],"product_tag":[],"class_list":{"0":"post-14145","1":"product","2":"type-product","3":"status-publish","4":"has-post-thumbnail","6":"product_cat-accessoire-boiler","7":"product_cat-test","8":"product_shipping_class-poids-3","9":"pa_marque-itho-daalderop","11":"first","12":"instock","13":"sale","14":"taxable","15":"shipping-taxable","16":"purchasable","17":"product-type-simple"},"aioseo_notices":[],"_links":{"self":[{"href":"https:\/\/promochaudiere.be\/nl\/wp-json\/wp\/v2\/product\/14145","targetHints":{"allow":["GET"]}}],"collection":[{"href":"https:\/\/promochaudiere.be\/nl\/wp-json\/wp\/v2\/product"}],"about":[{"href":"https:\/\/promochaudiere.be\/nl\/wp-json\/wp\/v2\/types\/product"}],"replies":[{"embeddable":true,"href":"https:\/\/promochaudiere.be\/nl\/wp-json\/wp\/v2\/comments?post=14145"}],"version-history":[{"count":1,"href":"https:\/\/promochaudiere.be\/nl\/wp-json\/wp\/v2\/product\/14145\/revisions"}],"predecessor-version":[{"id":45807,"href":"https:\/\/promochaudiere.be\/nl\/wp-json\/wp\/v2\/product\/14145\/revisions\/45807"}],"wp:featuredmedia":[{"embeddable":true,"href":"https:\/\/promochaudiere.be\/nl\/wp-json\/wp\/v2\/media\/22185"}],"wp:attachment":[{"href":"https:\/\/promochaudiere.be\/nl\/wp-json\/wp\/v2\/media?parent=14145"}],"wp:term":[{"taxonomy":"product_brand","embeddable":true,"href":"https:\/\/promochaudiere.be\/nl\/wp-json\/wp\/v2\/product_brand?post=14145"},{"taxonomy":"product_cat","embeddable":true,"href":"https:\/\/promochaudiere.be\/nl\/wp-json\/wp\/v2\/product_cat?post=14145"},{"taxonomy":"product_tag","embeddable":true,"href":"https:\/\/promochaudiere.be\/nl\/wp-json\/wp\/v2\/product_tag?post=14145"}],"curies":[{"name":"wp","href":"https:\/\/api.w.org\/{rel}","templated":true}]}}