{"id":14147,"date":"2025-01-17T09:50:28","date_gmt":"2025-01-17T09:50:28","guid":{"rendered":"https:\/\/promochaudiere.be\/produit\/nicoll-cheminee-d%c2%92aeration-en-pvc-avec-solinmoustiquaire-diametre-110mm-cd11m\/"},"modified":"2026-02-03T18:14:58","modified_gmt":"2026-02-03T17:14:58","slug":"nicoll-cheminee-d%c2%92aeration-en-pvc-avec-solinmoustiquaire-diametre-110mm-cd11m","status":"publish","type":"product","link":"https:\/\/promochaudiere.be\/product\/nicoll-cheminee-d%c2%92aeration-en-pvc-avec-solinmoustiquaire-diametre-110mm-cd11m\/","title":{"rendered":"Nicoll Chemin\u00e9e d\u0092a\u00e9ration en PVC avec solin+moustiquaire diam\u00e8tre 110mm CD11M"},"content":{"rendered":"<p>La chemin\u00e9e d\u2019a\u00e9ration Nicoll CD11M assure une extraction optimale de l\u2019air vici\u00e9 des b\u00e2timents. Son solin int\u00e9gr\u00e9 garantit une \u00e9tanch\u00e9it\u00e9 parfaite sur les toitures. Sa moustiquaire emp\u00eache l\u2019intrusion d\u2019insectes et de d\u00e9bris. Facile \u00e0 poser, elle r\u00e9siste aux intemp\u00e9ries et aux UV. Une solution fiable pour assurer une bonne ventilation et \u00e9viter les probl\u00e8mes d\u2019humidit\u00e9.<\/p>","protected":false},"excerpt":{"rendered":"<p>Nicoll Chemin\u00e9e d\u0092a\u00e9ration en PVC avec solin+moustiquaire diam\u00e8tre 110mm CD11M<\/p>","protected":false},"featured_media":21435,"comment_status":"open","ping_status":"closed","template":"","meta":[],"product_brand":[],"product_cat":[2791,8840],"product_tag":[],"class_list":{"0":"post-14147","1":"product","2":"type-product","3":"status-publish","4":"has-post-thumbnail","6":"product_cat-accessoires-de-ventilation","7":"product_cat-test","8":"pa_marque-nicoll","10":"first","11":"instock","12":"sale","13":"taxable","14":"shipping-taxable","15":"purchasable","16":"product-type-simple"},"aioseo_notices":[],"_links":{"self":[{"href":"https:\/\/promochaudiere.be\/nl\/wp-json\/wp\/v2\/product\/14147","targetHints":{"allow":["GET"]}}],"collection":[{"href":"https:\/\/promochaudiere.be\/nl\/wp-json\/wp\/v2\/product"}],"about":[{"href":"https:\/\/promochaudiere.be\/nl\/wp-json\/wp\/v2\/types\/product"}],"replies":[{"embeddable":true,"href":"https:\/\/promochaudiere.be\/nl\/wp-json\/wp\/v2\/comments?post=14147"}],"version-history":[{"count":1,"href":"https:\/\/promochaudiere.be\/nl\/wp-json\/wp\/v2\/product\/14147\/revisions"}],"predecessor-version":[{"id":45805,"href":"https:\/\/promochaudiere.be\/nl\/wp-json\/wp\/v2\/product\/14147\/revisions\/45805"}],"wp:featuredmedia":[{"embeddable":true,"href":"https:\/\/promochaudiere.be\/nl\/wp-json\/wp\/v2\/media\/21435"}],"wp:attachment":[{"href":"https:\/\/promochaudiere.be\/nl\/wp-json\/wp\/v2\/media?parent=14147"}],"wp:term":[{"taxonomy":"product_brand","embeddable":true,"href":"https:\/\/promochaudiere.be\/nl\/wp-json\/wp\/v2\/product_brand?post=14147"},{"taxonomy":"product_cat","embeddable":true,"href":"https:\/\/promochaudiere.be\/nl\/wp-json\/wp\/v2\/product_cat?post=14147"},{"taxonomy":"product_tag","embeddable":true,"href":"https:\/\/promochaudiere.be\/nl\/wp-json\/wp\/v2\/product_tag?post=14147"}],"curies":[{"name":"wp","href":"https:\/\/api.w.org\/{rel}","templated":true}]}}