{"id":14148,"date":"2025-01-17T09:50:28","date_gmt":"2025-01-17T09:50:28","guid":{"rendered":"https:\/\/promochaudiere.be\/produit\/vanne-melangeuse-3-voies-vrg131-esbe-dn20-63kvs-3-4f-11600900\/"},"modified":"2026-02-03T18:14:58","modified_gmt":"2026-02-03T17:14:58","slug":"vanne-melangeuse-3-voies-vrg131-esbe-dn20-63kvs-3-4f-11600900","status":"publish","type":"product","link":"https:\/\/promochaudiere.be\/nl\/product\/vanne-melangeuse-3-voies-vrg131-esbe-dn20-63kvs-3-4f-11600900\/","title":{"rendered":"VANNE MELANGEUSE 3 VOIES VRG131 ESBE DN20-6,3KVS 3\/4&Prime;F 11600900"},"content":{"rendered":"<p>Cette vanne m\u00e9langeuse ESBE VRG131 assure une r\u00e9gulation pr\u00e9cise du flux d\u2019eau chaude et froide dans les circuits de chauffage. Son format DN20 avec un coefficient Kvs de 6,3 garantit une performance optimale. Fabriqu\u00e9e en laiton robuste, elle assure une longue dur\u00e9e de vie. Compatible avec les moteurs de r\u00e9gulation ESBE. Id\u00e9ale pour un contr\u00f4le thermique efficace.<\/p>","protected":false},"excerpt":{"rendered":"<p>VANNE MELANGEUSE 3 VOIES VRG131 ESBE DN20-6,3KVS 3\/4&Prime;F 11600900<\/p>","protected":false},"featured_media":21119,"comment_status":"open","ping_status":"closed","template":"","meta":[],"product_brand":[],"product_cat":[5519],"product_tag":[],"class_list":{"0":"post-14148","1":"product","2":"type-product","3":"status-publish","4":"has-post-thumbnail","6":"product_cat-vanne","8":"first","9":"instock","10":"sale","11":"taxable","12":"shipping-taxable","13":"purchasable","14":"product-type-simple"},"aioseo_notices":[],"_links":{"self":[{"href":"https:\/\/promochaudiere.be\/nl\/wp-json\/wp\/v2\/product\/14148","targetHints":{"allow":["GET"]}}],"collection":[{"href":"https:\/\/promochaudiere.be\/nl\/wp-json\/wp\/v2\/product"}],"about":[{"href":"https:\/\/promochaudiere.be\/nl\/wp-json\/wp\/v2\/types\/product"}],"replies":[{"embeddable":true,"href":"https:\/\/promochaudiere.be\/nl\/wp-json\/wp\/v2\/comments?post=14148"}],"version-history":[{"count":1,"href":"https:\/\/promochaudiere.be\/nl\/wp-json\/wp\/v2\/product\/14148\/revisions"}],"predecessor-version":[{"id":53125,"href":"https:\/\/promochaudiere.be\/nl\/wp-json\/wp\/v2\/product\/14148\/revisions\/53125"}],"wp:featuredmedia":[{"embeddable":true,"href":"https:\/\/promochaudiere.be\/nl\/wp-json\/wp\/v2\/media\/21119"}],"wp:attachment":[{"href":"https:\/\/promochaudiere.be\/nl\/wp-json\/wp\/v2\/media?parent=14148"}],"wp:term":[{"taxonomy":"product_brand","embeddable":true,"href":"https:\/\/promochaudiere.be\/nl\/wp-json\/wp\/v2\/product_brand?post=14148"},{"taxonomy":"product_cat","embeddable":true,"href":"https:\/\/promochaudiere.be\/nl\/wp-json\/wp\/v2\/product_cat?post=14148"},{"taxonomy":"product_tag","embeddable":true,"href":"https:\/\/promochaudiere.be\/nl\/wp-json\/wp\/v2\/product_tag?post=14148"}],"curies":[{"name":"wp","href":"https:\/\/api.w.org\/{rel}","templated":true}]}}