{"id":14153,"date":"2025-01-17T09:50:30","date_gmt":"2025-01-17T09:50:30","guid":{"rendered":"https:\/\/promochaudiere.be\/produit\/vasco-courbure-verticale-4-pieces-11ve40500\/"},"modified":"2026-02-03T18:13:46","modified_gmt":"2026-02-03T17:13:46","slug":"vasco-courbure-verticale-4-pieces-11ve40500","status":"publish","type":"product","link":"https:\/\/promochaudiere.be\/nl\/product\/vasco-courbure-verticale-4-pieces-11ve40500\/","title":{"rendered":"Vasco Courbure verticale \/ 4 pi\u00e8ces 11VE40500"},"content":{"rendered":"<p>Ce kit de courbures verticales Vasco comprend 4 pi\u00e8ces permettant une orientation pr\u00e9cise des conduits de ventilation. Son installation rapide facilite la mise en place des syst\u00e8mes d\u2019a\u00e9ration. Son mat\u00e9riau de fabrication garantit une excellente r\u00e9sistance. Id\u00e9al pour optimiser la circulation de l\u2019air dans les installations. Un accessoire indispensable pour une ventilation bien ajust\u00e9e.<\/p>","protected":false},"excerpt":{"rendered":"<p>Vasco Courbure verticale \/ 4 pi\u00e8ces 11VE40500<\/p>","protected":false},"featured_media":22202,"comment_status":"open","ping_status":"closed","template":"","meta":[],"product_brand":[],"product_cat":[2791,8840],"product_tag":[],"class_list":{"0":"post-14153","1":"product","2":"type-product","3":"status-publish","4":"has-post-thumbnail","6":"product_cat-accessoires-de-ventilation","7":"product_cat-test","8":"pa_marque-vasco","10":"first","11":"instock","12":"sale","13":"taxable","14":"shipping-taxable","15":"purchasable","16":"product-type-simple"},"aioseo_notices":[],"_links":{"self":[{"href":"https:\/\/promochaudiere.be\/nl\/wp-json\/wp\/v2\/product\/14153","targetHints":{"allow":["GET"]}}],"collection":[{"href":"https:\/\/promochaudiere.be\/nl\/wp-json\/wp\/v2\/product"}],"about":[{"href":"https:\/\/promochaudiere.be\/nl\/wp-json\/wp\/v2\/types\/product"}],"replies":[{"embeddable":true,"href":"https:\/\/promochaudiere.be\/nl\/wp-json\/wp\/v2\/comments?post=14153"}],"version-history":[{"count":1,"href":"https:\/\/promochaudiere.be\/nl\/wp-json\/wp\/v2\/product\/14153\/revisions"}],"predecessor-version":[{"id":53122,"href":"https:\/\/promochaudiere.be\/nl\/wp-json\/wp\/v2\/product\/14153\/revisions\/53122"}],"wp:featuredmedia":[{"embeddable":true,"href":"https:\/\/promochaudiere.be\/nl\/wp-json\/wp\/v2\/media\/22202"}],"wp:attachment":[{"href":"https:\/\/promochaudiere.be\/nl\/wp-json\/wp\/v2\/media?parent=14153"}],"wp:term":[{"taxonomy":"product_brand","embeddable":true,"href":"https:\/\/promochaudiere.be\/nl\/wp-json\/wp\/v2\/product_brand?post=14153"},{"taxonomy":"product_cat","embeddable":true,"href":"https:\/\/promochaudiere.be\/nl\/wp-json\/wp\/v2\/product_cat?post=14153"},{"taxonomy":"product_tag","embeddable":true,"href":"https:\/\/promochaudiere.be\/nl\/wp-json\/wp\/v2\/product_tag?post=14153"}],"curies":[{"name":"wp","href":"https:\/\/api.w.org\/{rel}","templated":true}]}}