{"id":14154,"date":"2025-01-17T09:50:30","date_gmt":"2025-01-17T09:50:30","guid":{"rendered":"https:\/\/promochaudiere.be\/produit\/vaillant-electrode-kit-de-maintenance-0020143440\/"},"modified":"2026-02-03T18:14:58","modified_gmt":"2026-02-03T17:14:58","slug":"vaillant-electrode-kit-de-maintenance-0020143440","status":"publish","type":"product","link":"https:\/\/promochaudiere.be\/nl\/product\/vaillant-electrode-kit-de-maintenance-0020143440\/","title":{"rendered":"Vaillant Electrode, Kit de maintenance 0020143440"},"content":{"rendered":"<p>Ce kit d\u2019\u00e9lectrodes Vaillant est con\u00e7u pour assurer un allumage fiable et une combustion stable. Il permet un entretien facile et am\u00e9liore la performance des chaudi\u00e8res. Un \u00e9l\u00e9ment cl\u00e9 pour garantir une utilisation prolong\u00e9e et une efficacit\u00e9 \u00e9nerg\u00e9tique optimale.<\/p>","protected":false},"excerpt":{"rendered":"<p>Vaillant Electrode, Kit de maintenance 0020143440<\/p>","protected":false},"featured_media":21738,"comment_status":"open","ping_status":"closed","template":"","meta":[],"product_brand":[],"product_cat":[8917,8840],"product_tag":[],"class_list":{"0":"post-14154","1":"product","2":"type-product","3":"status-publish","4":"has-post-thumbnail","6":"product_cat-pieces-detachees-vaillant","7":"product_cat-test","8":"pa_marque-vaillant","10":"first","11":"instock","12":"sale","13":"taxable","14":"shipping-taxable","15":"purchasable","16":"product-type-simple"},"aioseo_notices":[],"_links":{"self":[{"href":"https:\/\/promochaudiere.be\/nl\/wp-json\/wp\/v2\/product\/14154","targetHints":{"allow":["GET"]}}],"collection":[{"href":"https:\/\/promochaudiere.be\/nl\/wp-json\/wp\/v2\/product"}],"about":[{"href":"https:\/\/promochaudiere.be\/nl\/wp-json\/wp\/v2\/types\/product"}],"replies":[{"embeddable":true,"href":"https:\/\/promochaudiere.be\/nl\/wp-json\/wp\/v2\/comments?post=14154"}],"version-history":[{"count":1,"href":"https:\/\/promochaudiere.be\/nl\/wp-json\/wp\/v2\/product\/14154\/revisions"}],"predecessor-version":[{"id":53121,"href":"https:\/\/promochaudiere.be\/nl\/wp-json\/wp\/v2\/product\/14154\/revisions\/53121"}],"wp:featuredmedia":[{"embeddable":true,"href":"https:\/\/promochaudiere.be\/nl\/wp-json\/wp\/v2\/media\/21738"}],"wp:attachment":[{"href":"https:\/\/promochaudiere.be\/nl\/wp-json\/wp\/v2\/media?parent=14154"}],"wp:term":[{"taxonomy":"product_brand","embeddable":true,"href":"https:\/\/promochaudiere.be\/nl\/wp-json\/wp\/v2\/product_brand?post=14154"},{"taxonomy":"product_cat","embeddable":true,"href":"https:\/\/promochaudiere.be\/nl\/wp-json\/wp\/v2\/product_cat?post=14154"},{"taxonomy":"product_tag","embeddable":true,"href":"https:\/\/promochaudiere.be\/nl\/wp-json\/wp\/v2\/product_tag?post=14154"}],"curies":[{"name":"wp","href":"https:\/\/api.w.org\/{rel}","templated":true}]}}