{"id":14155,"date":"2025-01-17T09:50:31","date_gmt":"2025-01-17T09:50:31","guid":{"rendered":"https:\/\/promochaudiere.be\/produit\/vaillant-pressostat-mag14-2-0-108622\/"},"modified":"2026-02-03T18:14:58","modified_gmt":"2026-02-03T17:14:58","slug":"vaillant-pressostat-mag14-2-0-108622","status":"publish","type":"product","link":"https:\/\/promochaudiere.be\/nl\/product\/vaillant-pressostat-mag14-2-0-108622\/","title":{"rendered":"Vaillant pressostat MAG14-2\/0 108622"},"content":{"rendered":"<p>Ce pressostat Vaillant est con\u00e7u pour garantir une gestion optimale de la pression dans les syst\u00e8mes de chauffage. Compatible avec le mod\u00e8le MAG14-2\/0, il assure une protection contre les surpressions. Facile \u00e0 monter, il am\u00e9liore la s\u00e9curit\u00e9 du circuit hydraulique. Un accessoire essentiel pour un contr\u00f4le pr\u00e9cis de la pression.<\/p>","protected":false},"excerpt":{"rendered":"<p>Vaillant pressostat MAG14-2\/0 108622<\/p>","protected":false},"featured_media":22265,"comment_status":"open","ping_status":"closed","template":"","meta":[],"product_brand":[],"product_cat":[8917,8840],"product_tag":[],"class_list":{"0":"post-14155","1":"product","2":"type-product","3":"status-publish","4":"has-post-thumbnail","6":"product_cat-pieces-detachees-vaillant","7":"product_cat-test","8":"pa_marque-vaillant","10":"first","11":"instock","12":"sale","13":"taxable","14":"shipping-taxable","15":"purchasable","16":"product-type-simple"},"aioseo_notices":[],"_links":{"self":[{"href":"https:\/\/promochaudiere.be\/nl\/wp-json\/wp\/v2\/product\/14155","targetHints":{"allow":["GET"]}}],"collection":[{"href":"https:\/\/promochaudiere.be\/nl\/wp-json\/wp\/v2\/product"}],"about":[{"href":"https:\/\/promochaudiere.be\/nl\/wp-json\/wp\/v2\/types\/product"}],"replies":[{"embeddable":true,"href":"https:\/\/promochaudiere.be\/nl\/wp-json\/wp\/v2\/comments?post=14155"}],"version-history":[{"count":1,"href":"https:\/\/promochaudiere.be\/nl\/wp-json\/wp\/v2\/product\/14155\/revisions"}],"predecessor-version":[{"id":53120,"href":"https:\/\/promochaudiere.be\/nl\/wp-json\/wp\/v2\/product\/14155\/revisions\/53120"}],"wp:featuredmedia":[{"embeddable":true,"href":"https:\/\/promochaudiere.be\/nl\/wp-json\/wp\/v2\/media\/22265"}],"wp:attachment":[{"href":"https:\/\/promochaudiere.be\/nl\/wp-json\/wp\/v2\/media?parent=14155"}],"wp:term":[{"taxonomy":"product_brand","embeddable":true,"href":"https:\/\/promochaudiere.be\/nl\/wp-json\/wp\/v2\/product_brand?post=14155"},{"taxonomy":"product_cat","embeddable":true,"href":"https:\/\/promochaudiere.be\/nl\/wp-json\/wp\/v2\/product_cat?post=14155"},{"taxonomy":"product_tag","embeddable":true,"href":"https:\/\/promochaudiere.be\/nl\/wp-json\/wp\/v2\/product_tag?post=14155"}],"curies":[{"name":"wp","href":"https:\/\/api.w.org\/{rel}","templated":true}]}}