{"id":14157,"date":"2025-01-17T09:50:31","date_gmt":"2025-01-17T09:50:31","guid":{"rendered":"https:\/\/promochaudiere.be\/produit\/spirotech-spirotrap-boue-3-4\/"},"modified":"2026-02-03T18:13:47","modified_gmt":"2026-02-03T17:13:47","slug":"spirotech-spirotrap-boue-3-4","status":"publish","type":"product","link":"https:\/\/promochaudiere.be\/nl\/product\/spirotech-spirotrap-boue-3-4\/","title":{"rendered":"Spirotech Spirotrap boue 3\/4"},"content":{"rendered":"<p>Le s\u00e9parateur de boues Spirotech Spirotrap AE075 est con\u00e7u pour \u00e9liminer efficacement les impuret\u00e9s et les particules de boue dans les installations de chauffage. Gr\u00e2ce \u00e0 sa technologie avanc\u00e9e, il am\u00e9liore la performance du syst\u00e8me en r\u00e9duisant l\u2019encrassement des tuyaux et des radiateurs. Facile \u00e0 installer et \u00e0 entretenir, il prolonge la dur\u00e9e de vie des \u00e9quipements. Une solution id\u00e9ale pour optimiser le rendement \u00e9nerg\u00e9tique et la fiabilit\u00e9 des installations.<\/p>","protected":false},"excerpt":{"rendered":"<p>Spirotech Spirotrap boue 3\/4<\/p>","protected":false},"featured_media":21658,"comment_status":"open","ping_status":"closed","template":"","meta":[],"product_brand":[],"product_cat":[5527,8840],"product_tag":[],"class_list":{"0":"post-14157","1":"product","2":"type-product","3":"status-publish","4":"has-post-thumbnail","6":"product_cat-separation-dair-et-de-boues","7":"product_cat-test","8":"pa_marque-spirotech","10":"first","11":"instock","12":"sale","13":"taxable","14":"shipping-taxable","15":"purchasable","16":"product-type-simple"},"aioseo_notices":[],"_links":{"self":[{"href":"https:\/\/promochaudiere.be\/nl\/wp-json\/wp\/v2\/product\/14157","targetHints":{"allow":["GET"]}}],"collection":[{"href":"https:\/\/promochaudiere.be\/nl\/wp-json\/wp\/v2\/product"}],"about":[{"href":"https:\/\/promochaudiere.be\/nl\/wp-json\/wp\/v2\/types\/product"}],"replies":[{"embeddable":true,"href":"https:\/\/promochaudiere.be\/nl\/wp-json\/wp\/v2\/comments?post=14157"}],"version-history":[{"count":1,"href":"https:\/\/promochaudiere.be\/nl\/wp-json\/wp\/v2\/product\/14157\/revisions"}],"predecessor-version":[{"id":53118,"href":"https:\/\/promochaudiere.be\/nl\/wp-json\/wp\/v2\/product\/14157\/revisions\/53118"}],"wp:featuredmedia":[{"embeddable":true,"href":"https:\/\/promochaudiere.be\/nl\/wp-json\/wp\/v2\/media\/21658"}],"wp:attachment":[{"href":"https:\/\/promochaudiere.be\/nl\/wp-json\/wp\/v2\/media?parent=14157"}],"wp:term":[{"taxonomy":"product_brand","embeddable":true,"href":"https:\/\/promochaudiere.be\/nl\/wp-json\/wp\/v2\/product_brand?post=14157"},{"taxonomy":"product_cat","embeddable":true,"href":"https:\/\/promochaudiere.be\/nl\/wp-json\/wp\/v2\/product_cat?post=14157"},{"taxonomy":"product_tag","embeddable":true,"href":"https:\/\/promochaudiere.be\/nl\/wp-json\/wp\/v2\/product_tag?post=14157"}],"curies":[{"name":"wp","href":"https:\/\/api.w.org\/{rel}","templated":true}]}}