{"id":14161,"date":"2025-01-17T09:50:32","date_gmt":"2025-01-17T09:50:32","guid":{"rendered":"https:\/\/promochaudiere.be\/produit\/oertli-sonde-de-depart-ad-199-88017017\/"},"modified":"2026-02-03T18:14:59","modified_gmt":"2026-02-03T17:14:59","slug":"oertli-sonde-de-depart-ad-199-88017017","status":"publish","type":"product","link":"https:\/\/promochaudiere.be\/nl\/product\/oertli-sonde-de-depart-ad-199-88017017\/","title":{"rendered":"Oertli sonde de d\u00e9part AD 199 88017017"},"content":{"rendered":"<p>La sonde de d\u00e9part Oertli AD 199 est con\u00e7ue pour ajuster pr\u00e9cis\u00e9ment la temp\u00e9rature de votre installation de chauffage. Elle permet une r\u00e9gulation optimale en fonction des besoins, assurant ainsi une consommation \u00e9nerg\u00e9tique ma\u00eetris\u00e9e. Son installation facile et rapide la rend id\u00e9ale pour toutes les configurations. R\u00e9sistante et durable, elle assure un fonctionnement fiable m\u00eame dans des conditions extr\u00eames. Un accessoire essentiel pour un confort thermique optimal.<\/p>","protected":false},"excerpt":{"rendered":"<p>Oertli sonde de d\u00e9part AD 199 88017017<\/p>","protected":false},"featured_media":21391,"comment_status":"open","ping_status":"closed","template":"","meta":[],"product_brand":[],"product_cat":[8840,534],"product_tag":[],"class_list":{"0":"post-14161","1":"product","2":"type-product","3":"status-publish","4":"has-post-thumbnail","6":"product_cat-test","7":"product_cat-thermostat-remeha-fr","8":"pa_marque-oertli","10":"first","11":"instock","12":"sale","13":"taxable","14":"shipping-taxable","15":"purchasable","16":"product-type-simple"},"aioseo_notices":[],"_links":{"self":[{"href":"https:\/\/promochaudiere.be\/nl\/wp-json\/wp\/v2\/product\/14161","targetHints":{"allow":["GET"]}}],"collection":[{"href":"https:\/\/promochaudiere.be\/nl\/wp-json\/wp\/v2\/product"}],"about":[{"href":"https:\/\/promochaudiere.be\/nl\/wp-json\/wp\/v2\/types\/product"}],"replies":[{"embeddable":true,"href":"https:\/\/promochaudiere.be\/nl\/wp-json\/wp\/v2\/comments?post=14161"}],"version-history":[{"count":1,"href":"https:\/\/promochaudiere.be\/nl\/wp-json\/wp\/v2\/product\/14161\/revisions"}],"predecessor-version":[{"id":45802,"href":"https:\/\/promochaudiere.be\/nl\/wp-json\/wp\/v2\/product\/14161\/revisions\/45802"}],"wp:featuredmedia":[{"embeddable":true,"href":"https:\/\/promochaudiere.be\/nl\/wp-json\/wp\/v2\/media\/21391"}],"wp:attachment":[{"href":"https:\/\/promochaudiere.be\/nl\/wp-json\/wp\/v2\/media?parent=14161"}],"wp:term":[{"taxonomy":"product_brand","embeddable":true,"href":"https:\/\/promochaudiere.be\/nl\/wp-json\/wp\/v2\/product_brand?post=14161"},{"taxonomy":"product_cat","embeddable":true,"href":"https:\/\/promochaudiere.be\/nl\/wp-json\/wp\/v2\/product_cat?post=14161"},{"taxonomy":"product_tag","embeddable":true,"href":"https:\/\/promochaudiere.be\/nl\/wp-json\/wp\/v2\/product_tag?post=14161"}],"curies":[{"name":"wp","href":"https:\/\/api.w.org\/{rel}","templated":true}]}}