{"id":14162,"date":"2025-01-17T09:50:33","date_gmt":"2025-01-17T09:50:33","guid":{"rendered":"https:\/\/promochaudiere.be\/produit\/console-en-inox-pour-vase-dexpansion-uwk-va-0609100\/"},"modified":"2026-02-03T18:15:01","modified_gmt":"2026-02-03T17:15:01","slug":"console-en-inox-pour-vase-dexpansion-uwk-va-0609100","status":"publish","type":"product","link":"https:\/\/promochaudiere.be\/product\/console-en-inox-pour-vase-dexpansion-uwk-va-0609100\/","title":{"rendered":"Console en inox pour vase d&rsquo;expansion UWK\/VA 0609100"},"content":{"rendered":"<p>Cette console en inox assure une fixation solide et durable des vases d\u2019expansion UWK et VA. Son mat\u00e9riau r\u00e9sistant garantit une protection contre la corrosion et les chocs. Facile \u00e0 poser, elle permet une installation rapide et s\u00e9curis\u00e9e. Un accessoire id\u00e9al pour stabiliser les vases d\u2019expansion dans les circuits de chauffage.<\/p>","protected":false},"excerpt":{"rendered":"<p>Console en inox pour vase d&rsquo;expansion UWK\/VA 0609100<\/p>","protected":false},"featured_media":21920,"comment_status":"open","ping_status":"closed","template":"","meta":[],"product_brand":[],"product_cat":[822,8840],"product_tag":[],"class_list":{"0":"post-14162","1":"product","2":"type-product","3":"status-publish","4":"has-post-thumbnail","6":"product_cat-accessoire","7":"product_cat-test","9":"first","10":"instock","11":"sale","12":"taxable","13":"shipping-taxable","14":"purchasable","15":"product-type-simple"},"aioseo_notices":[],"_links":{"self":[{"href":"https:\/\/promochaudiere.be\/nl\/wp-json\/wp\/v2\/product\/14162","targetHints":{"allow":["GET"]}}],"collection":[{"href":"https:\/\/promochaudiere.be\/nl\/wp-json\/wp\/v2\/product"}],"about":[{"href":"https:\/\/promochaudiere.be\/nl\/wp-json\/wp\/v2\/types\/product"}],"replies":[{"embeddable":true,"href":"https:\/\/promochaudiere.be\/nl\/wp-json\/wp\/v2\/comments?post=14162"}],"version-history":[{"count":1,"href":"https:\/\/promochaudiere.be\/nl\/wp-json\/wp\/v2\/product\/14162\/revisions"}],"predecessor-version":[{"id":53115,"href":"https:\/\/promochaudiere.be\/nl\/wp-json\/wp\/v2\/product\/14162\/revisions\/53115"}],"wp:featuredmedia":[{"embeddable":true,"href":"https:\/\/promochaudiere.be\/nl\/wp-json\/wp\/v2\/media\/21920"}],"wp:attachment":[{"href":"https:\/\/promochaudiere.be\/nl\/wp-json\/wp\/v2\/media?parent=14162"}],"wp:term":[{"taxonomy":"product_brand","embeddable":true,"href":"https:\/\/promochaudiere.be\/nl\/wp-json\/wp\/v2\/product_brand?post=14162"},{"taxonomy":"product_cat","embeddable":true,"href":"https:\/\/promochaudiere.be\/nl\/wp-json\/wp\/v2\/product_cat?post=14162"},{"taxonomy":"product_tag","embeddable":true,"href":"https:\/\/promochaudiere.be\/nl\/wp-json\/wp\/v2\/product_tag?post=14162"}],"curies":[{"name":"wp","href":"https:\/\/api.w.org\/{rel}","templated":true}]}}