{"id":14168,"date":"2025-01-17T09:50:35","date_gmt":"2025-01-17T09:50:35","guid":{"rendered":"https:\/\/promochaudiere.be\/produit\/honeywell-reducteur-pression-eau-braukmann-d06f-1-2a-d06f12a\/"},"modified":"2026-02-03T18:14:58","modified_gmt":"2026-02-03T17:14:58","slug":"honeywell-reducteur-pression-eau-braukmann-d06f-1-2a-d06f12a","status":"publish","type":"product","link":"https:\/\/promochaudiere.be\/nl\/product\/honeywell-reducteur-pression-eau-braukmann-d06f-1-2a-d06f12a\/","title":{"rendered":"Honeywell r\u00e9ducteur pression eau braukmann d06f 1\/2&Prime;a D06F12A"},"content":{"rendered":"<p>Le r\u00e9ducteur de pression Honeywell Braukmann D06F12A permet de r\u00e9guler la pression de l\u2019eau dans les installations domestiques. Il prot\u00e8ge les \u00e9quipements sanitaires contre les surpressions et optimise leur fonctionnement. Facile \u00e0 installer, il est r\u00e9glable pour s\u2019adapter aux besoins sp\u00e9cifiques. Son corps en laiton assure une r\u00e9sistance optimale \u00e0 la corrosion. Un accessoire essentiel pour prolonger la dur\u00e9e de vie des installations hydrauliques.<\/p>","protected":false},"excerpt":{"rendered":"<p>Honeywell r\u00e9ducteur pression eau braukmann d06f 1\/2&Prime;a D06F12A<\/p>","protected":false},"featured_media":21644,"comment_status":"open","ping_status":"closed","template":"","meta":[],"product_brand":[],"product_cat":[9547,8840],"product_tag":[],"class_list":{"0":"post-14168","1":"product","2":"type-product","3":"status-publish","4":"has-post-thumbnail","6":"product_cat-reducteur-deau","7":"product_cat-test","8":"pa_marque-honeywell","10":"first","11":"instock","12":"sale","13":"taxable","14":"shipping-taxable","15":"purchasable","16":"product-type-simple"},"aioseo_notices":[],"_links":{"self":[{"href":"https:\/\/promochaudiere.be\/nl\/wp-json\/wp\/v2\/product\/14168","targetHints":{"allow":["GET"]}}],"collection":[{"href":"https:\/\/promochaudiere.be\/nl\/wp-json\/wp\/v2\/product"}],"about":[{"href":"https:\/\/promochaudiere.be\/nl\/wp-json\/wp\/v2\/types\/product"}],"replies":[{"embeddable":true,"href":"https:\/\/promochaudiere.be\/nl\/wp-json\/wp\/v2\/comments?post=14168"}],"version-history":[{"count":1,"href":"https:\/\/promochaudiere.be\/nl\/wp-json\/wp\/v2\/product\/14168\/revisions"}],"predecessor-version":[{"id":45797,"href":"https:\/\/promochaudiere.be\/nl\/wp-json\/wp\/v2\/product\/14168\/revisions\/45797"}],"wp:featuredmedia":[{"embeddable":true,"href":"https:\/\/promochaudiere.be\/nl\/wp-json\/wp\/v2\/media\/21644"}],"wp:attachment":[{"href":"https:\/\/promochaudiere.be\/nl\/wp-json\/wp\/v2\/media?parent=14168"}],"wp:term":[{"taxonomy":"product_brand","embeddable":true,"href":"https:\/\/promochaudiere.be\/nl\/wp-json\/wp\/v2\/product_brand?post=14168"},{"taxonomy":"product_cat","embeddable":true,"href":"https:\/\/promochaudiere.be\/nl\/wp-json\/wp\/v2\/product_cat?post=14168"},{"taxonomy":"product_tag","embeddable":true,"href":"https:\/\/promochaudiere.be\/nl\/wp-json\/wp\/v2\/product_tag?post=14168"}],"curies":[{"name":"wp","href":"https:\/\/api.w.org\/{rel}","templated":true}]}}