{"id":14169,"date":"2025-01-17T09:50:35","date_gmt":"2025-01-17T09:50:35","guid":{"rendered":"https:\/\/promochaudiere.be\/produit\/vasco-raccord-bouche-5pcs-equerre-ventilation-11ve40410\/"},"modified":"2026-02-03T18:13:47","modified_gmt":"2026-02-03T17:13:47","slug":"vasco-raccord-bouche-5pcs-equerre-ventilation-11ve40410","status":"publish","type":"product","link":"https:\/\/promochaudiere.be\/nl\/product\/vasco-raccord-bouche-5pcs-equerre-ventilation-11ve40410\/","title":{"rendered":"Vasco Raccord bouche (5pcs) \u00e9querre ventilation 11VE40410"},"content":{"rendered":"<p>Ce set de 5 raccords en \u00e9querre Vasco est con\u00e7u pour assurer une liaison pr\u00e9cise entre les conduits et les bouches de ventilation. Son format coud\u00e9 permet d\u2019adapter facilement les installations. Son mat\u00e9riau r\u00e9sistant garantit une durabilit\u00e9 et une \u00e9tanch\u00e9it\u00e9 maximales. Facile \u00e0 poser, il optimise la gestion des flux d\u2019air. Un accessoire essentiel pour une installation performante.<\/p>","protected":false},"excerpt":{"rendered":"<p>Vasco Raccord bouche (5pcs) \u00e9querre ventilation 11VE40410<\/p>","protected":false},"featured_media":22349,"comment_status":"open","ping_status":"closed","template":"","meta":[],"product_brand":[],"product_cat":[2791,8840],"product_tag":[],"class_list":{"0":"post-14169","1":"product","2":"type-product","3":"status-publish","4":"has-post-thumbnail","6":"product_cat-accessoires-de-ventilation","7":"product_cat-test","8":"pa_marque-vasco","10":"first","11":"instock","12":"sale","13":"taxable","14":"shipping-taxable","15":"purchasable","16":"product-type-simple"},"aioseo_notices":[],"_links":{"self":[{"href":"https:\/\/promochaudiere.be\/nl\/wp-json\/wp\/v2\/product\/14169","targetHints":{"allow":["GET"]}}],"collection":[{"href":"https:\/\/promochaudiere.be\/nl\/wp-json\/wp\/v2\/product"}],"about":[{"href":"https:\/\/promochaudiere.be\/nl\/wp-json\/wp\/v2\/types\/product"}],"replies":[{"embeddable":true,"href":"https:\/\/promochaudiere.be\/nl\/wp-json\/wp\/v2\/comments?post=14169"}],"version-history":[{"count":1,"href":"https:\/\/promochaudiere.be\/nl\/wp-json\/wp\/v2\/product\/14169\/revisions"}],"predecessor-version":[{"id":53112,"href":"https:\/\/promochaudiere.be\/nl\/wp-json\/wp\/v2\/product\/14169\/revisions\/53112"}],"wp:featuredmedia":[{"embeddable":true,"href":"https:\/\/promochaudiere.be\/nl\/wp-json\/wp\/v2\/media\/22349"}],"wp:attachment":[{"href":"https:\/\/promochaudiere.be\/nl\/wp-json\/wp\/v2\/media?parent=14169"}],"wp:term":[{"taxonomy":"product_brand","embeddable":true,"href":"https:\/\/promochaudiere.be\/nl\/wp-json\/wp\/v2\/product_brand?post=14169"},{"taxonomy":"product_cat","embeddable":true,"href":"https:\/\/promochaudiere.be\/nl\/wp-json\/wp\/v2\/product_cat?post=14169"},{"taxonomy":"product_tag","embeddable":true,"href":"https:\/\/promochaudiere.be\/nl\/wp-json\/wp\/v2\/product_tag?post=14169"}],"curies":[{"name":"wp","href":"https:\/\/api.w.org\/{rel}","templated":true}]}}