{"id":14170,"date":"2025-01-17T09:50:36","date_gmt":"2025-01-17T09:50:36","guid":{"rendered":"https:\/\/promochaudiere.be\/produit\/bulex-kit-dentretien-complet-pour-thermomaster-0010045818\/"},"modified":"2026-02-03T18:14:59","modified_gmt":"2026-02-03T17:14:59","slug":"bulex-kit-dentretien-complet-pour-thermomaster-0010045818","status":"publish","type":"product","link":"https:\/\/promochaudiere.be\/product\/bulex-kit-dentretien-complet-pour-thermomaster-0010045818\/","title":{"rendered":"BULEX KIT D&rsquo;ENTRETIEN COMPLET POUR THERMOMASTER 0010045818"},"content":{"rendered":"<p>Ce kit d\u2019entretien complet est sp\u00e9cialement con\u00e7u pour les chaudi\u00e8res Thermomaster de Bulex. Il contient les pi\u00e8ces essentielles pour assurer un fonctionnement optimal et prolonger la dur\u00e9e de vie de l\u2019appareil. Il permet de pr\u00e9venir les dysfonctionnements et d\u2019am\u00e9liorer l\u2019efficacit\u00e9 \u00e9nerg\u00e9tique. Simple d\u2019utilisation, il facilite la maintenance pr\u00e9ventive. Un accessoire indispensable pour maintenir un chauffage performant.<\/p>","protected":false},"excerpt":{"rendered":"<p>BULEX KIT D&rsquo;ENTRETIEN COMPLET POUR THERMOMASTER 0010045818<\/p>","protected":false},"featured_media":21740,"comment_status":"open","ping_status":"closed","template":"","meta":[],"product_brand":[],"product_cat":[9507,8840],"product_tag":[],"class_list":{"0":"post-14170","1":"product","2":"type-product","3":"status-publish","4":"has-post-thumbnail","6":"product_cat-pieces-detachees-bulex","7":"product_cat-test","8":"pa_marque-bulex","10":"first","11":"instock","12":"sale","13":"taxable","14":"shipping-taxable","15":"purchasable","16":"product-type-simple"},"aioseo_notices":[],"_links":{"self":[{"href":"https:\/\/promochaudiere.be\/nl\/wp-json\/wp\/v2\/product\/14170","targetHints":{"allow":["GET"]}}],"collection":[{"href":"https:\/\/promochaudiere.be\/nl\/wp-json\/wp\/v2\/product"}],"about":[{"href":"https:\/\/promochaudiere.be\/nl\/wp-json\/wp\/v2\/types\/product"}],"replies":[{"embeddable":true,"href":"https:\/\/promochaudiere.be\/nl\/wp-json\/wp\/v2\/comments?post=14170"}],"version-history":[{"count":1,"href":"https:\/\/promochaudiere.be\/nl\/wp-json\/wp\/v2\/product\/14170\/revisions"}],"predecessor-version":[{"id":45794,"href":"https:\/\/promochaudiere.be\/nl\/wp-json\/wp\/v2\/product\/14170\/revisions\/45794"}],"wp:featuredmedia":[{"embeddable":true,"href":"https:\/\/promochaudiere.be\/nl\/wp-json\/wp\/v2\/media\/21740"}],"wp:attachment":[{"href":"https:\/\/promochaudiere.be\/nl\/wp-json\/wp\/v2\/media?parent=14170"}],"wp:term":[{"taxonomy":"product_brand","embeddable":true,"href":"https:\/\/promochaudiere.be\/nl\/wp-json\/wp\/v2\/product_brand?post=14170"},{"taxonomy":"product_cat","embeddable":true,"href":"https:\/\/promochaudiere.be\/nl\/wp-json\/wp\/v2\/product_cat?post=14170"},{"taxonomy":"product_tag","embeddable":true,"href":"https:\/\/promochaudiere.be\/nl\/wp-json\/wp\/v2\/product_tag?post=14170"}],"curies":[{"name":"wp","href":"https:\/\/api.w.org\/{rel}","templated":true}]}}