{"id":14176,"date":"2025-01-17T09:50:39","date_gmt":"2025-01-17T09:50:39","guid":{"rendered":"https:\/\/promochaudiere.be\/produit\/zehnder-sensor-top-section-comfoair-qpro-400502004\/"},"modified":"2026-02-03T18:14:59","modified_gmt":"2026-02-03T17:14:59","slug":"zehnder-sensor-top-section-comfoair-qpro-400502004","status":"publish","type":"product","link":"https:\/\/promochaudiere.be\/nl\/product\/zehnder-sensor-top-section-comfoair-qpro-400502004\/","title":{"rendered":"ZEHNDER SENSOR TOP SECTION COMFOAIR Q+PRO 400502004"},"content":{"rendered":"<p>Ce capteur Zehnder est con\u00e7u pour am\u00e9liorer la gestion des flux d\u2019air des unit\u00e9s ComfoAir Q et Pro. Il garantit une mesure pr\u00e9cise des param\u00e8tres de ventilation. Son installation rapide permet une adaptation facile aux syst\u00e8mes existants. Id\u00e9al pour une r\u00e9gulation optimis\u00e9e et un meilleur rendement \u00e9nerg\u00e9tique.<\/p>","protected":false},"excerpt":{"rendered":"<p>ZEHNDER SENSOR TOP SECTION COMFOAIR Q+PRO 400502004<\/p>","protected":false},"featured_media":22101,"comment_status":"open","ping_status":"closed","template":"","meta":[],"product_brand":[],"product_cat":[10891,8840],"product_tag":[],"class_list":{"0":"post-14176","1":"product","2":"type-product","3":"status-publish","4":"has-post-thumbnail","6":"product_cat-pieces-detachees-zehnder","7":"product_cat-test","8":"pa_marque-zehnder","10":"first","11":"instock","12":"sale","13":"taxable","14":"shipping-taxable","15":"purchasable","16":"product-type-simple"},"aioseo_notices":[],"_links":{"self":[{"href":"https:\/\/promochaudiere.be\/nl\/wp-json\/wp\/v2\/product\/14176","targetHints":{"allow":["GET"]}}],"collection":[{"href":"https:\/\/promochaudiere.be\/nl\/wp-json\/wp\/v2\/product"}],"about":[{"href":"https:\/\/promochaudiere.be\/nl\/wp-json\/wp\/v2\/types\/product"}],"replies":[{"embeddable":true,"href":"https:\/\/promochaudiere.be\/nl\/wp-json\/wp\/v2\/comments?post=14176"}],"version-history":[{"count":1,"href":"https:\/\/promochaudiere.be\/nl\/wp-json\/wp\/v2\/product\/14176\/revisions"}],"predecessor-version":[{"id":53109,"href":"https:\/\/promochaudiere.be\/nl\/wp-json\/wp\/v2\/product\/14176\/revisions\/53109"}],"wp:featuredmedia":[{"embeddable":true,"href":"https:\/\/promochaudiere.be\/nl\/wp-json\/wp\/v2\/media\/22101"}],"wp:attachment":[{"href":"https:\/\/promochaudiere.be\/nl\/wp-json\/wp\/v2\/media?parent=14176"}],"wp:term":[{"taxonomy":"product_brand","embeddable":true,"href":"https:\/\/promochaudiere.be\/nl\/wp-json\/wp\/v2\/product_brand?post=14176"},{"taxonomy":"product_cat","embeddable":true,"href":"https:\/\/promochaudiere.be\/nl\/wp-json\/wp\/v2\/product_cat?post=14176"},{"taxonomy":"product_tag","embeddable":true,"href":"https:\/\/promochaudiere.be\/nl\/wp-json\/wp\/v2\/product_tag?post=14176"}],"curies":[{"name":"wp","href":"https:\/\/api.w.org\/{rel}","templated":true}]}}