{"id":14179,"date":"2025-01-17T09:50:40","date_gmt":"2025-01-17T09:50:40","guid":{"rendered":"https:\/\/promochaudiere.be\/produit\/zilmet-reservoir-a-membrane-vertical-19-litres-531-1100001927\/"},"modified":"2026-02-03T18:14:59","modified_gmt":"2026-02-03T17:14:59","slug":"zilmet-reservoir-a-membrane-vertical-19-litres-531-1100001927","status":"publish","type":"product","link":"https:\/\/promochaudiere.be\/product\/zilmet-reservoir-a-membrane-vertical-19-litres-531-1100001927\/","title":{"rendered":"Zilmet r\u00e9servoir \u00e0 membrane vertical 19 litres 531 1100001927"},"content":{"rendered":"<p>Le Zilmet r\u00e9servoir \u00e0 membrane vertical est un r\u00e9servoir de haute qualit\u00e9 destin\u00e9 aux syst\u00e8mes de chauffage, de plomberie et d&rsquo;eau sanitaire. Avec une capacit\u00e9 de 19 litres, ce r\u00e9servoir \u00e0 membrane est con\u00e7u pour maintenir une pression stable dans le circuit, en absorbant les variations de volume d&rsquo;eau li\u00e9es \u00e0 la temp\u00e9rature. Sa conception verticale permet une installation optimis\u00e9e dans des espaces plus restreints. Ce mod\u00e8le est \u00e9quip\u00e9 d&rsquo;une membrane en butyle, offrant une excellente r\u00e9sistance \u00e0 l&rsquo;usure et \u00e0 la corrosion, ce qui garantit une longue durabilit\u00e9 et une fiabilit\u00e9 accrue.<\/p>","protected":false},"excerpt":{"rendered":"<p>Zilmet r\u00e9servoir \u00e0 membrane vertical 19 litres 531 1100001927<\/p>","protected":false},"featured_media":20695,"comment_status":"open","ping_status":"closed","template":"","meta":[],"product_brand":[],"product_cat":[322],"product_tag":[],"class_list":{"0":"post-14179","1":"product","2":"type-product","3":"status-publish","4":"has-post-thumbnail","6":"product_cat-vase-dexpansion","7":"pa_marque-zilmet","9":"first","10":"instock","11":"sale","12":"taxable","13":"shipping-taxable","14":"purchasable","15":"product-type-simple"},"aioseo_notices":[],"_links":{"self":[{"href":"https:\/\/promochaudiere.be\/nl\/wp-json\/wp\/v2\/product\/14179","targetHints":{"allow":["GET"]}}],"collection":[{"href":"https:\/\/promochaudiere.be\/nl\/wp-json\/wp\/v2\/product"}],"about":[{"href":"https:\/\/promochaudiere.be\/nl\/wp-json\/wp\/v2\/types\/product"}],"replies":[{"embeddable":true,"href":"https:\/\/promochaudiere.be\/nl\/wp-json\/wp\/v2\/comments?post=14179"}],"version-history":[{"count":2,"href":"https:\/\/promochaudiere.be\/nl\/wp-json\/wp\/v2\/product\/14179\/revisions"}],"predecessor-version":[{"id":53107,"href":"https:\/\/promochaudiere.be\/nl\/wp-json\/wp\/v2\/product\/14179\/revisions\/53107"}],"wp:featuredmedia":[{"embeddable":true,"href":"https:\/\/promochaudiere.be\/nl\/wp-json\/wp\/v2\/media\/20695"}],"wp:attachment":[{"href":"https:\/\/promochaudiere.be\/nl\/wp-json\/wp\/v2\/media?parent=14179"}],"wp:term":[{"taxonomy":"product_brand","embeddable":true,"href":"https:\/\/promochaudiere.be\/nl\/wp-json\/wp\/v2\/product_brand?post=14179"},{"taxonomy":"product_cat","embeddable":true,"href":"https:\/\/promochaudiere.be\/nl\/wp-json\/wp\/v2\/product_cat?post=14179"},{"taxonomy":"product_tag","embeddable":true,"href":"https:\/\/promochaudiere.be\/nl\/wp-json\/wp\/v2\/product_tag?post=14179"}],"curies":[{"name":"wp","href":"https:\/\/api.w.org\/{rel}","templated":true}]}}