{"id":14182,"date":"2025-01-17T09:50:41","date_gmt":"2025-01-17T09:50:41","guid":{"rendered":"https:\/\/promochaudiere.be\/produit\/bosch-echangeur-de-chaleur-c-phe-26-plates-87186429490\/"},"modified":"2026-02-03T18:15:00","modified_gmt":"2026-02-03T17:15:00","slug":"bosch-echangeur-de-chaleur-c-phe-26-plates-87186429490","status":"publish","type":"product","link":"https:\/\/promochaudiere.be\/nl\/product\/bosch-echangeur-de-chaleur-c-phe-26-plates-87186429490\/","title":{"rendered":"Bosch Echangeur de chaleur C-PHE 26 plates 87186429490"},"content":{"rendered":"<p>L\u2019\u00e9changeur de chaleur Bosch C-PHE \u00e0 26 plaques est con\u00e7u pour maximiser l\u2019efficacit\u00e9 des transferts thermiques dans votre installation de chauffage. Gr\u00e2ce \u00e0 sa conception innovante, il assure une transmission rapide et homog\u00e8ne de la chaleur, optimisant ainsi la performance \u00e9nerg\u00e9tique du syst\u00e8me. Facile \u00e0 int\u00e9grer \u00e0 diff\u00e9rentes configurations, il garantit une consommation r\u00e9duite et une meilleure durabilit\u00e9.<\/p>","protected":false},"excerpt":{"rendered":"<p>Bosch Echangeur de chaleur C-PHE 26 plates 87186429490<\/p>","protected":false},"featured_media":21378,"comment_status":"open","ping_status":"closed","template":"","meta":[],"product_brand":[],"product_cat":[9485,8840],"product_tag":[],"class_list":{"0":"post-14182","1":"product","2":"type-product","3":"status-publish","4":"has-post-thumbnail","6":"product_cat-pieces-detachees-bosch","7":"product_cat-test","8":"pa_marque-bosch","10":"first","11":"instock","12":"sale","13":"taxable","14":"shipping-taxable","15":"purchasable","16":"product-type-simple"},"aioseo_notices":[],"_links":{"self":[{"href":"https:\/\/promochaudiere.be\/nl\/wp-json\/wp\/v2\/product\/14182","targetHints":{"allow":["GET"]}}],"collection":[{"href":"https:\/\/promochaudiere.be\/nl\/wp-json\/wp\/v2\/product"}],"about":[{"href":"https:\/\/promochaudiere.be\/nl\/wp-json\/wp\/v2\/types\/product"}],"replies":[{"embeddable":true,"href":"https:\/\/promochaudiere.be\/nl\/wp-json\/wp\/v2\/comments?post=14182"}],"version-history":[{"count":1,"href":"https:\/\/promochaudiere.be\/nl\/wp-json\/wp\/v2\/product\/14182\/revisions"}],"predecessor-version":[{"id":45790,"href":"https:\/\/promochaudiere.be\/nl\/wp-json\/wp\/v2\/product\/14182\/revisions\/45790"}],"wp:featuredmedia":[{"embeddable":true,"href":"https:\/\/promochaudiere.be\/nl\/wp-json\/wp\/v2\/media\/21378"}],"wp:attachment":[{"href":"https:\/\/promochaudiere.be\/nl\/wp-json\/wp\/v2\/media?parent=14182"}],"wp:term":[{"taxonomy":"product_brand","embeddable":true,"href":"https:\/\/promochaudiere.be\/nl\/wp-json\/wp\/v2\/product_brand?post=14182"},{"taxonomy":"product_cat","embeddable":true,"href":"https:\/\/promochaudiere.be\/nl\/wp-json\/wp\/v2\/product_cat?post=14182"},{"taxonomy":"product_tag","embeddable":true,"href":"https:\/\/promochaudiere.be\/nl\/wp-json\/wp\/v2\/product_tag?post=14182"}],"curies":[{"name":"wp","href":"https:\/\/api.w.org\/{rel}","templated":true}]}}