{"id":14183,"date":"2025-01-17T09:50:41","date_gmt":"2025-01-17T09:50:41","guid":{"rendered":"https:\/\/promochaudiere.be\/produit\/junkers-set-d%c2%92electrodes-avec-cablage-inclus-87168240730\/"},"modified":"2026-02-03T18:15:00","modified_gmt":"2026-02-03T17:15:00","slug":"junkers-set-d%c2%92electrodes-avec-cablage-inclus-87168240730","status":"publish","type":"product","link":"https:\/\/promochaudiere.be\/nl\/product\/junkers-set-d%c2%92electrodes-avec-cablage-inclus-87168240730\/","title":{"rendered":"Junkers Set d\u0092\u00e9lectrodes avec c\u00e2blage inclus 87168240730"},"content":{"rendered":"<p>Ce set d\u2019\u00e9lectrodes Junkers assure un allumage efficace et s\u00e9curis\u00e9 des chaudi\u00e8res \u00e0 gaz. Il garantit une combustion optimale et prolonge la dur\u00e9e de vie des \u00e9quipements. Facile \u00e0 installer, il permet de maintenir un haut niveau de performance \u00e9nerg\u00e9tique.<\/p>","protected":false},"excerpt":{"rendered":"<p>Junkers Set d\u0092\u00e9lectrodes avec c\u00e2blage inclus 87168240730<\/p>","protected":false},"featured_media":21832,"comment_status":"open","ping_status":"closed","template":"","meta":[],"product_brand":[],"product_cat":[9485,8840],"product_tag":[],"class_list":{"0":"post-14183","1":"product","2":"type-product","3":"status-publish","4":"has-post-thumbnail","6":"product_cat-pieces-detachees-bosch","7":"product_cat-test","8":"pa_marque-junkers","10":"first","11":"instock","12":"sale","13":"taxable","14":"shipping-taxable","15":"purchasable","16":"product-type-simple"},"aioseo_notices":[],"_links":{"self":[{"href":"https:\/\/promochaudiere.be\/nl\/wp-json\/wp\/v2\/product\/14183","targetHints":{"allow":["GET"]}}],"collection":[{"href":"https:\/\/promochaudiere.be\/nl\/wp-json\/wp\/v2\/product"}],"about":[{"href":"https:\/\/promochaudiere.be\/nl\/wp-json\/wp\/v2\/types\/product"}],"replies":[{"embeddable":true,"href":"https:\/\/promochaudiere.be\/nl\/wp-json\/wp\/v2\/comments?post=14183"}],"version-history":[{"count":1,"href":"https:\/\/promochaudiere.be\/nl\/wp-json\/wp\/v2\/product\/14183\/revisions"}],"predecessor-version":[{"id":45791,"href":"https:\/\/promochaudiere.be\/nl\/wp-json\/wp\/v2\/product\/14183\/revisions\/45791"}],"wp:featuredmedia":[{"embeddable":true,"href":"https:\/\/promochaudiere.be\/nl\/wp-json\/wp\/v2\/media\/21832"}],"wp:attachment":[{"href":"https:\/\/promochaudiere.be\/nl\/wp-json\/wp\/v2\/media?parent=14183"}],"wp:term":[{"taxonomy":"product_brand","embeddable":true,"href":"https:\/\/promochaudiere.be\/nl\/wp-json\/wp\/v2\/product_brand?post=14183"},{"taxonomy":"product_cat","embeddable":true,"href":"https:\/\/promochaudiere.be\/nl\/wp-json\/wp\/v2\/product_cat?post=14183"},{"taxonomy":"product_tag","embeddable":true,"href":"https:\/\/promochaudiere.be\/nl\/wp-json\/wp\/v2\/product_tag?post=14183"}],"curies":[{"name":"wp","href":"https:\/\/api.w.org\/{rel}","templated":true}]}}