{"id":14185,"date":"2025-01-17T09:50:42","date_gmt":"2025-01-17T09:50:42","guid":{"rendered":"https:\/\/promochaudiere.be\/produit\/oerli-sonde-exterieure-radio-ad251-100013306\/"},"modified":"2026-02-03T18:15:01","modified_gmt":"2026-02-03T17:15:01","slug":"oerli-sonde-exterieure-radio-ad251-100013306","status":"publish","type":"product","link":"https:\/\/promochaudiere.be\/nl\/product\/oerli-sonde-exterieure-radio-ad251-100013306\/","title":{"rendered":"Oerli sonde ext\u00e9rieure radio AD251 100013306"},"content":{"rendered":"<p>Cette sonde ext\u00e9rieure Oerli permet de mesurer pr\u00e9cis\u00e9ment la temp\u00e9rature ext\u00e9rieure et d\u2019ajuster automatiquement la r\u00e9gulation du chauffage. Son syst\u00e8me radio assure une transmission fiable des donn\u00e9es. Facile \u00e0 installer, elle optimise la gestion thermique des b\u00e2timents. Un accessoire essentiel pour une r\u00e9gulation intelligente.<\/p>","protected":false},"excerpt":{"rendered":"<p>Oerli sonde ext\u00e9rieure radio AD251 100013306<\/p>","protected":false},"featured_media":22600,"comment_status":"open","ping_status":"closed","template":"","meta":[],"product_brand":[],"product_cat":[8840,534],"product_tag":[],"class_list":{"0":"post-14185","1":"product","2":"type-product","3":"status-publish","4":"has-post-thumbnail","6":"product_cat-test","7":"product_cat-thermostat-remeha-fr","8":"pa_marque-oertli","10":"first","11":"instock","12":"sale","13":"taxable","14":"shipping-taxable","15":"purchasable","16":"product-type-simple"},"aioseo_notices":[],"_links":{"self":[{"href":"https:\/\/promochaudiere.be\/nl\/wp-json\/wp\/v2\/product\/14185","targetHints":{"allow":["GET"]}}],"collection":[{"href":"https:\/\/promochaudiere.be\/nl\/wp-json\/wp\/v2\/product"}],"about":[{"href":"https:\/\/promochaudiere.be\/nl\/wp-json\/wp\/v2\/types\/product"}],"replies":[{"embeddable":true,"href":"https:\/\/promochaudiere.be\/nl\/wp-json\/wp\/v2\/comments?post=14185"}],"version-history":[{"count":1,"href":"https:\/\/promochaudiere.be\/nl\/wp-json\/wp\/v2\/product\/14185\/revisions"}],"predecessor-version":[{"id":45787,"href":"https:\/\/promochaudiere.be\/nl\/wp-json\/wp\/v2\/product\/14185\/revisions\/45787"}],"wp:featuredmedia":[{"embeddable":true,"href":"https:\/\/promochaudiere.be\/nl\/wp-json\/wp\/v2\/media\/22600"}],"wp:attachment":[{"href":"https:\/\/promochaudiere.be\/nl\/wp-json\/wp\/v2\/media?parent=14185"}],"wp:term":[{"taxonomy":"product_brand","embeddable":true,"href":"https:\/\/promochaudiere.be\/nl\/wp-json\/wp\/v2\/product_brand?post=14185"},{"taxonomy":"product_cat","embeddable":true,"href":"https:\/\/promochaudiere.be\/nl\/wp-json\/wp\/v2\/product_cat?post=14185"},{"taxonomy":"product_tag","embeddable":true,"href":"https:\/\/promochaudiere.be\/nl\/wp-json\/wp\/v2\/product_tag?post=14185"}],"curies":[{"name":"wp","href":"https:\/\/api.w.org\/{rel}","templated":true}]}}