{"id":14187,"date":"2025-01-17T09:50:42","date_gmt":"2025-01-17T09:50:42","guid":{"rendered":"https:\/\/promochaudiere.be\/produit\/honeywell-reducteur-pression-eau-braukmann-d06f-3-4a-d06f34a\/"},"modified":"2026-02-03T18:14:59","modified_gmt":"2026-02-03T17:14:59","slug":"honeywell-reducteur-pression-eau-braukmann-d06f-3-4a-d06f34a","status":"publish","type":"product","link":"https:\/\/promochaudiere.be\/nl\/product\/honeywell-reducteur-pression-eau-braukmann-d06f-3-4a-d06f34a\/","title":{"rendered":"Honeywell r\u00e9ducteur pression eau braukmann d06f 3\/4&Prime;a D06F34A"},"content":{"rendered":"<p>Le r\u00e9ducteur de pression Honeywell Braukmann D06F34A est con\u00e7u pour garantir une pression d\u2019eau stable et s\u00e9curis\u00e9e dans les installations r\u00e9sidentielles et commerciales. Il permet de prot\u00e9ger les \u00e9quipements contre les surpressions et d\u2019optimiser leur efficacit\u00e9. Son r\u00e9glage simple et sa conception robuste assurent une longue dur\u00e9e de vie. Un accessoire incontournable pour un r\u00e9seau d\u2019eau performant.<\/p>","protected":false},"excerpt":{"rendered":"<p>Honeywell r\u00e9ducteur pression eau braukmann d06f 3\/4&Prime;a D06F34A<\/p>","protected":false},"featured_media":21645,"comment_status":"open","ping_status":"closed","template":"","meta":[],"product_brand":[],"product_cat":[9547,8840],"product_tag":[],"class_list":{"0":"post-14187","1":"product","2":"type-product","3":"status-publish","4":"has-post-thumbnail","6":"product_cat-reducteur-deau","7":"product_cat-test","8":"pa_marque-honeywell","10":"first","11":"instock","12":"sale","13":"taxable","14":"shipping-taxable","15":"purchasable","16":"product-type-simple"},"aioseo_notices":[],"_links":{"self":[{"href":"https:\/\/promochaudiere.be\/nl\/wp-json\/wp\/v2\/product\/14187","targetHints":{"allow":["GET"]}}],"collection":[{"href":"https:\/\/promochaudiere.be\/nl\/wp-json\/wp\/v2\/product"}],"about":[{"href":"https:\/\/promochaudiere.be\/nl\/wp-json\/wp\/v2\/types\/product"}],"replies":[{"embeddable":true,"href":"https:\/\/promochaudiere.be\/nl\/wp-json\/wp\/v2\/comments?post=14187"}],"version-history":[{"count":1,"href":"https:\/\/promochaudiere.be\/nl\/wp-json\/wp\/v2\/product\/14187\/revisions"}],"predecessor-version":[{"id":45788,"href":"https:\/\/promochaudiere.be\/nl\/wp-json\/wp\/v2\/product\/14187\/revisions\/45788"}],"wp:featuredmedia":[{"embeddable":true,"href":"https:\/\/promochaudiere.be\/nl\/wp-json\/wp\/v2\/media\/21645"}],"wp:attachment":[{"href":"https:\/\/promochaudiere.be\/nl\/wp-json\/wp\/v2\/media?parent=14187"}],"wp:term":[{"taxonomy":"product_brand","embeddable":true,"href":"https:\/\/promochaudiere.be\/nl\/wp-json\/wp\/v2\/product_brand?post=14187"},{"taxonomy":"product_cat","embeddable":true,"href":"https:\/\/promochaudiere.be\/nl\/wp-json\/wp\/v2\/product_cat?post=14187"},{"taxonomy":"product_tag","embeddable":true,"href":"https:\/\/promochaudiere.be\/nl\/wp-json\/wp\/v2\/product_tag?post=14187"}],"curies":[{"name":"wp","href":"https:\/\/api.w.org\/{rel}","templated":true}]}}