{"id":14188,"date":"2025-01-17T09:50:43","date_gmt":"2025-01-17T09:50:43","guid":{"rendered":"https:\/\/promochaudiere.be\/produit\/comap-tete-thermostatique-plus-commande-a-distance-6803c-liquide-m28-2m-803902\/"},"modified":"2026-02-03T18:15:01","modified_gmt":"2026-02-03T17:15:01","slug":"comap-tete-thermostatique-plus-commande-a-distance-6803c-liquide-m28-2m-803902","status":"publish","type":"product","link":"https:\/\/promochaudiere.be\/nl\/product\/comap-tete-thermostatique-plus-commande-a-distance-6803c-liquide-m28-2m-803902\/","title":{"rendered":"Comap t\u00eate thermostatique plus commande a distance 6803c  liquide m28 2m 803902"},"content":{"rendered":"<p>Cette t\u00eate thermostatique Comap est \u00e9quip\u00e9e d\u2019une commande \u00e0 distance pour un ajustement pr\u00e9cis de la temp\u00e9rature. Elle permet de r\u00e9guler la chaleur sans intervention directe sur le radiateur, offrant ainsi un confort accru. Son syst\u00e8me r\u00e9actif ajuste automatiquement le d\u00e9bit d\u2019eau pour une consommation ma\u00eetris\u00e9e. Facile \u00e0 poser, elle optimise le rendement \u00e9nerg\u00e9tique du chauffage.<\/p>","protected":false},"excerpt":{"rendered":"<p>Comap t\u00eate thermostatique plus commande a distance 6803c  liquide m28 2m 803902<\/p>","protected":false},"featured_media":21357,"comment_status":"open","ping_status":"closed","template":"","meta":[],"product_brand":[],"product_cat":[574,8840],"product_tag":[],"class_list":{"0":"post-14188","1":"product","2":"type-product","3":"status-publish","4":"has-post-thumbnail","6":"product_cat-accessoires-radiateurs","7":"product_cat-test","8":"pa_marque-comap","10":"first","11":"instock","12":"sale","13":"taxable","14":"shipping-taxable","15":"purchasable","16":"product-type-simple"},"aioseo_notices":[],"_links":{"self":[{"href":"https:\/\/promochaudiere.be\/nl\/wp-json\/wp\/v2\/product\/14188","targetHints":{"allow":["GET"]}}],"collection":[{"href":"https:\/\/promochaudiere.be\/nl\/wp-json\/wp\/v2\/product"}],"about":[{"href":"https:\/\/promochaudiere.be\/nl\/wp-json\/wp\/v2\/types\/product"}],"replies":[{"embeddable":true,"href":"https:\/\/promochaudiere.be\/nl\/wp-json\/wp\/v2\/comments?post=14188"}],"version-history":[{"count":1,"href":"https:\/\/promochaudiere.be\/nl\/wp-json\/wp\/v2\/product\/14188\/revisions"}],"predecessor-version":[{"id":45785,"href":"https:\/\/promochaudiere.be\/nl\/wp-json\/wp\/v2\/product\/14188\/revisions\/45785"}],"wp:featuredmedia":[{"embeddable":true,"href":"https:\/\/promochaudiere.be\/nl\/wp-json\/wp\/v2\/media\/21357"}],"wp:attachment":[{"href":"https:\/\/promochaudiere.be\/nl\/wp-json\/wp\/v2\/media?parent=14188"}],"wp:term":[{"taxonomy":"product_brand","embeddable":true,"href":"https:\/\/promochaudiere.be\/nl\/wp-json\/wp\/v2\/product_brand?post=14188"},{"taxonomy":"product_cat","embeddable":true,"href":"https:\/\/promochaudiere.be\/nl\/wp-json\/wp\/v2\/product_cat?post=14188"},{"taxonomy":"product_tag","embeddable":true,"href":"https:\/\/promochaudiere.be\/nl\/wp-json\/wp\/v2\/product_tag?post=14188"}],"curies":[{"name":"wp","href":"https:\/\/api.w.org\/{rel}","templated":true}]}}