{"id":14190,"date":"2025-01-17T09:50:43","date_gmt":"2025-01-17T09:50:43","guid":{"rendered":"https:\/\/promochaudiere.be\/produit\/vaillant-vanne-3-voies-0020020015\/"},"modified":"2026-02-03T18:15:00","modified_gmt":"2026-02-03T17:15:00","slug":"vaillant-vanne-3-voies-0020020015","status":"publish","type":"product","link":"https:\/\/promochaudiere.be\/nl\/product\/vaillant-vanne-3-voies-0020020015\/","title":{"rendered":"Vaillant  Vanne 3 voies 0020020015"},"content":{"rendered":"<p>Cette vanne 3 voies Vaillant permet une gestion fluide du passage de l\u2019eau entre le circuit de chauffage et l\u2019eau chaude sanitaire. Elle assure une r\u00e9gulation pr\u00e9cise de la temp\u00e9rature pour un confort thermique optimal. Facile \u00e0 installer, elle am\u00e9liore la performance \u00e9nerg\u00e9tique du syst\u00e8me. Un composant indispensable pour garantir un fonctionnement fluide et efficace des chaudi\u00e8res.<\/p>","protected":false},"excerpt":{"rendered":"<p>Vaillant  Vanne 3 voies 0020020015<\/p>","protected":false},"featured_media":21988,"comment_status":"open","ping_status":"closed","template":"","meta":[],"product_brand":[],"product_cat":[8917,8840],"product_tag":[],"class_list":{"0":"post-14190","1":"product","2":"type-product","3":"status-publish","4":"has-post-thumbnail","6":"product_cat-pieces-detachees-vaillant","7":"product_cat-test","8":"pa_marque-vaillant","10":"first","11":"instock","12":"sale","13":"taxable","14":"shipping-taxable","15":"purchasable","16":"product-type-simple"},"aioseo_notices":[],"_links":{"self":[{"href":"https:\/\/promochaudiere.be\/nl\/wp-json\/wp\/v2\/product\/14190","targetHints":{"allow":["GET"]}}],"collection":[{"href":"https:\/\/promochaudiere.be\/nl\/wp-json\/wp\/v2\/product"}],"about":[{"href":"https:\/\/promochaudiere.be\/nl\/wp-json\/wp\/v2\/types\/product"}],"replies":[{"embeddable":true,"href":"https:\/\/promochaudiere.be\/nl\/wp-json\/wp\/v2\/comments?post=14190"}],"version-history":[{"count":1,"href":"https:\/\/promochaudiere.be\/nl\/wp-json\/wp\/v2\/product\/14190\/revisions"}],"predecessor-version":[{"id":53103,"href":"https:\/\/promochaudiere.be\/nl\/wp-json\/wp\/v2\/product\/14190\/revisions\/53103"}],"wp:featuredmedia":[{"embeddable":true,"href":"https:\/\/promochaudiere.be\/nl\/wp-json\/wp\/v2\/media\/21988"}],"wp:attachment":[{"href":"https:\/\/promochaudiere.be\/nl\/wp-json\/wp\/v2\/media?parent=14190"}],"wp:term":[{"taxonomy":"product_brand","embeddable":true,"href":"https:\/\/promochaudiere.be\/nl\/wp-json\/wp\/v2\/product_brand?post=14190"},{"taxonomy":"product_cat","embeddable":true,"href":"https:\/\/promochaudiere.be\/nl\/wp-json\/wp\/v2\/product_cat?post=14190"},{"taxonomy":"product_tag","embeddable":true,"href":"https:\/\/promochaudiere.be\/nl\/wp-json\/wp\/v2\/product_tag?post=14190"}],"curies":[{"name":"wp","href":"https:\/\/api.w.org\/{rel}","templated":true}]}}