{"id":14191,"date":"2025-01-17T09:50:44","date_gmt":"2025-01-17T09:50:44","guid":{"rendered":"https:\/\/promochaudiere.be\/produit\/vaillant-accessoire-chaudiere-generateur-0020068020\/"},"modified":"2026-02-03T18:15:00","modified_gmt":"2026-02-03T17:15:00","slug":"vaillant-accessoire-chaudiere-generateur-0020068020","status":"publish","type":"product","link":"https:\/\/promochaudiere.be\/nl\/product\/vaillant-accessoire-chaudiere-generateur-0020068020\/","title":{"rendered":"Vaillant accessoire chaudi\u00e8re g\u00e9n\u00e9rateur  0020068020"},"content":{"rendered":"<p>Cet accessoire Vaillant est con\u00e7u pour am\u00e9liorer le fonctionnement des g\u00e9n\u00e9rateurs de chaudi\u00e8res. Il permet une meilleure gestion des flux d\u2019\u00e9nergie et assure une efficacit\u00e9 accrue. Facile \u00e0 int\u00e9grer, il optimise le rendement thermique du syst\u00e8me. Un \u00e9l\u00e9ment essentiel pour un chauffage \u00e9conomique.<\/p>","protected":false},"excerpt":{"rendered":"<p>Vaillant accessoire chaudi\u00e8re g\u00e9n\u00e9rateur  0020068020<\/p>","protected":false},"featured_media":21870,"comment_status":"open","ping_status":"closed","template":"","meta":[],"product_brand":[],"product_cat":[8917,8840],"product_tag":[],"class_list":{"0":"post-14191","1":"product","2":"type-product","3":"status-publish","4":"has-post-thumbnail","6":"product_cat-pieces-detachees-vaillant","7":"product_cat-test","8":"pa_marque-vaillant","10":"first","11":"instock","12":"sale","13":"taxable","14":"shipping-taxable","15":"purchasable","16":"product-type-simple"},"aioseo_notices":[],"_links":{"self":[{"href":"https:\/\/promochaudiere.be\/nl\/wp-json\/wp\/v2\/product\/14191","targetHints":{"allow":["GET"]}}],"collection":[{"href":"https:\/\/promochaudiere.be\/nl\/wp-json\/wp\/v2\/product"}],"about":[{"href":"https:\/\/promochaudiere.be\/nl\/wp-json\/wp\/v2\/types\/product"}],"replies":[{"embeddable":true,"href":"https:\/\/promochaudiere.be\/nl\/wp-json\/wp\/v2\/comments?post=14191"}],"version-history":[{"count":1,"href":"https:\/\/promochaudiere.be\/nl\/wp-json\/wp\/v2\/product\/14191\/revisions"}],"predecessor-version":[{"id":53102,"href":"https:\/\/promochaudiere.be\/nl\/wp-json\/wp\/v2\/product\/14191\/revisions\/53102"}],"wp:featuredmedia":[{"embeddable":true,"href":"https:\/\/promochaudiere.be\/nl\/wp-json\/wp\/v2\/media\/21870"}],"wp:attachment":[{"href":"https:\/\/promochaudiere.be\/nl\/wp-json\/wp\/v2\/media?parent=14191"}],"wp:term":[{"taxonomy":"product_brand","embeddable":true,"href":"https:\/\/promochaudiere.be\/nl\/wp-json\/wp\/v2\/product_brand?post=14191"},{"taxonomy":"product_cat","embeddable":true,"href":"https:\/\/promochaudiere.be\/nl\/wp-json\/wp\/v2\/product_cat?post=14191"},{"taxonomy":"product_tag","embeddable":true,"href":"https:\/\/promochaudiere.be\/nl\/wp-json\/wp\/v2\/product_tag?post=14191"}],"curies":[{"name":"wp","href":"https:\/\/api.w.org\/{rel}","templated":true}]}}