{"id":14192,"date":"2025-01-17T09:50:44","date_gmt":"2025-01-17T09:50:44","guid":{"rendered":"https:\/\/promochaudiere.be\/produit\/vasco-gaine-de-ventilation-11ve40100\/"},"modified":"2026-02-03T18:13:47","modified_gmt":"2026-02-03T17:13:47","slug":"vasco-gaine-de-ventilation-11ve40100","status":"publish","type":"product","link":"https:\/\/promochaudiere.be\/nl\/product\/vasco-gaine-de-ventilation-11ve40100\/","title":{"rendered":"Vasco Gaine de ventilation 11VE40100"},"content":{"rendered":"<p>Cette gaine Vasco est con\u00e7ue pour les syst\u00e8mes de ventilation n\u00e9cessitant une distribution d\u2019air efficace et homog\u00e8ne. Son mat\u00e9riau de haute qualit\u00e9 assure une durabilit\u00e9 optimale. Facile \u00e0 poser, elle garantit un flux d\u2019air constant. Un accessoire indispensable pour une installation de ventilation performante.<\/p>","protected":false},"excerpt":{"rendered":"<p>Vasco Gaine de ventilation 11VE40100<\/p>","protected":false},"featured_media":22492,"comment_status":"open","ping_status":"closed","template":"","meta":[],"product_brand":[],"product_cat":[2791,8840],"product_tag":[],"class_list":{"0":"post-14192","1":"product","2":"type-product","3":"status-publish","4":"has-post-thumbnail","6":"product_cat-accessoires-de-ventilation","7":"product_cat-test","8":"pa_marque-vasco","10":"first","11":"instock","12":"sale","13":"taxable","14":"shipping-taxable","15":"purchasable","16":"product-type-simple"},"aioseo_notices":[],"_links":{"self":[{"href":"https:\/\/promochaudiere.be\/nl\/wp-json\/wp\/v2\/product\/14192","targetHints":{"allow":["GET"]}}],"collection":[{"href":"https:\/\/promochaudiere.be\/nl\/wp-json\/wp\/v2\/product"}],"about":[{"href":"https:\/\/promochaudiere.be\/nl\/wp-json\/wp\/v2\/types\/product"}],"replies":[{"embeddable":true,"href":"https:\/\/promochaudiere.be\/nl\/wp-json\/wp\/v2\/comments?post=14192"}],"version-history":[{"count":1,"href":"https:\/\/promochaudiere.be\/nl\/wp-json\/wp\/v2\/product\/14192\/revisions"}],"predecessor-version":[{"id":53101,"href":"https:\/\/promochaudiere.be\/nl\/wp-json\/wp\/v2\/product\/14192\/revisions\/53101"}],"wp:featuredmedia":[{"embeddable":true,"href":"https:\/\/promochaudiere.be\/nl\/wp-json\/wp\/v2\/media\/22492"}],"wp:attachment":[{"href":"https:\/\/promochaudiere.be\/nl\/wp-json\/wp\/v2\/media?parent=14192"}],"wp:term":[{"taxonomy":"product_brand","embeddable":true,"href":"https:\/\/promochaudiere.be\/nl\/wp-json\/wp\/v2\/product_brand?post=14192"},{"taxonomy":"product_cat","embeddable":true,"href":"https:\/\/promochaudiere.be\/nl\/wp-json\/wp\/v2\/product_cat?post=14192"},{"taxonomy":"product_tag","embeddable":true,"href":"https:\/\/promochaudiere.be\/nl\/wp-json\/wp\/v2\/product_tag?post=14192"}],"curies":[{"name":"wp","href":"https:\/\/api.w.org\/{rel}","templated":true}]}}