{"id":14193,"date":"2025-01-17T09:50:44","date_gmt":"2025-01-17T09:50:44","guid":{"rendered":"https:\/\/promochaudiere.be\/produit\/spirotech-spirotrap-boue-4-4\/"},"modified":"2026-02-03T18:15:00","modified_gmt":"2026-02-03T17:15:00","slug":"spirotech-spirotrap-boue-4-4","status":"publish","type":"product","link":"https:\/\/promochaudiere.be\/nl\/product\/spirotech-spirotrap-boue-4-4\/","title":{"rendered":"Spirotech Spirotrap boue 4\/4"},"content":{"rendered":"<p>Le spirotrap AE100 de Spirotech est un s\u00e9parateur de boues performant qui capture les particules en suspension dans l\u2019eau de chauffage. Son design compact et sa grande capacit\u00e9 de filtration assurent une meilleure efficacit\u00e9 \u00e9nerg\u00e9tique. Facile \u00e0 installer, il r\u00e9duit les besoins d\u2019entretien du circuit. Un accessoire essentiel pour prot\u00e9ger les chaudi\u00e8res et les pompes contre l\u2019encrassement et les pannes.<\/p>","protected":false},"excerpt":{"rendered":"<p>Spirotech Spirotrap boue 4\/4<\/p>","protected":false},"featured_media":21664,"comment_status":"open","ping_status":"closed","template":"","meta":[],"product_brand":[],"product_cat":[5527,8840],"product_tag":[],"class_list":{"0":"post-14193","1":"product","2":"type-product","3":"status-publish","4":"has-post-thumbnail","6":"product_cat-separation-dair-et-de-boues","7":"product_cat-test","8":"pa_marque-spirotech","10":"first","11":"instock","12":"sale","13":"taxable","14":"shipping-taxable","15":"purchasable","16":"product-type-simple"},"aioseo_notices":[],"_links":{"self":[{"href":"https:\/\/promochaudiere.be\/nl\/wp-json\/wp\/v2\/product\/14193","targetHints":{"allow":["GET"]}}],"collection":[{"href":"https:\/\/promochaudiere.be\/nl\/wp-json\/wp\/v2\/product"}],"about":[{"href":"https:\/\/promochaudiere.be\/nl\/wp-json\/wp\/v2\/types\/product"}],"replies":[{"embeddable":true,"href":"https:\/\/promochaudiere.be\/nl\/wp-json\/wp\/v2\/comments?post=14193"}],"version-history":[{"count":1,"href":"https:\/\/promochaudiere.be\/nl\/wp-json\/wp\/v2\/product\/14193\/revisions"}],"predecessor-version":[{"id":53100,"href":"https:\/\/promochaudiere.be\/nl\/wp-json\/wp\/v2\/product\/14193\/revisions\/53100"}],"wp:featuredmedia":[{"embeddable":true,"href":"https:\/\/promochaudiere.be\/nl\/wp-json\/wp\/v2\/media\/21664"}],"wp:attachment":[{"href":"https:\/\/promochaudiere.be\/nl\/wp-json\/wp\/v2\/media?parent=14193"}],"wp:term":[{"taxonomy":"product_brand","embeddable":true,"href":"https:\/\/promochaudiere.be\/nl\/wp-json\/wp\/v2\/product_brand?post=14193"},{"taxonomy":"product_cat","embeddable":true,"href":"https:\/\/promochaudiere.be\/nl\/wp-json\/wp\/v2\/product_cat?post=14193"},{"taxonomy":"product_tag","embeddable":true,"href":"https:\/\/promochaudiere.be\/nl\/wp-json\/wp\/v2\/product_tag?post=14193"}],"curies":[{"name":"wp","href":"https:\/\/api.w.org\/{rel}","templated":true}]}}