{"id":14196,"date":"2025-01-17T09:50:45","date_gmt":"2025-01-17T09:50:45","guid":{"rendered":"https:\/\/promochaudiere.be\/produit\/duco-kit-silent-plus-pour-unite-de-ventilation-c-00004182\/"},"modified":"2026-02-03T18:15:01","modified_gmt":"2026-02-03T17:15:01","slug":"duco-kit-silent-plus-pour-unite-de-ventilation-c-00004182","status":"publish","type":"product","link":"https:\/\/promochaudiere.be\/nl\/product\/duco-kit-silent-plus-pour-unite-de-ventilation-c-00004182\/","title":{"rendered":"Duco KIT SILENT PLUS POUR UNITE DE VENTILATION C 00004182"},"content":{"rendered":"<p>Ce kit permet d\u2019optimiser le fonctionnement des unit\u00e9s de ventilation de type C en mode Silent Plus. Il r\u00e9duit le bruit de fonctionnement tout en maintenant une excellente performance d\u2019extraction d\u2019air. Sa conception garantit une installation rapide et sans difficult\u00e9. Il am\u00e9liore la gestion des flux d\u2019air en fonction des besoins r\u00e9els. Son mat\u00e9riau robuste assure une r\u00e9sistance optimale dans le temps. Une solution id\u00e9ale pour un confort accru et un air int\u00e9rieur purifi\u00e9.<\/p>","protected":false},"excerpt":{"rendered":"<p>Duco KIT SILENT PLUS POUR UNITE DE VENTILATION C 00004182<\/p>","protected":false},"featured_media":22211,"comment_status":"open","ping_status":"closed","template":"","meta":[],"product_brand":[],"product_cat":[10943,8840],"product_tag":[],"class_list":{"0":"post-14196","1":"product","2":"type-product","3":"status-publish","4":"has-post-thumbnail","6":"product_cat-accessoires-duco","7":"product_cat-test","8":"pa_marque-duco","10":"first","11":"instock","12":"sale","13":"taxable","14":"shipping-taxable","15":"purchasable","16":"product-type-simple"},"aioseo_notices":[],"_links":{"self":[{"href":"https:\/\/promochaudiere.be\/nl\/wp-json\/wp\/v2\/product\/14196","targetHints":{"allow":["GET"]}}],"collection":[{"href":"https:\/\/promochaudiere.be\/nl\/wp-json\/wp\/v2\/product"}],"about":[{"href":"https:\/\/promochaudiere.be\/nl\/wp-json\/wp\/v2\/types\/product"}],"replies":[{"embeddable":true,"href":"https:\/\/promochaudiere.be\/nl\/wp-json\/wp\/v2\/comments?post=14196"}],"version-history":[{"count":1,"href":"https:\/\/promochaudiere.be\/nl\/wp-json\/wp\/v2\/product\/14196\/revisions"}],"predecessor-version":[{"id":45783,"href":"https:\/\/promochaudiere.be\/nl\/wp-json\/wp\/v2\/product\/14196\/revisions\/45783"}],"wp:featuredmedia":[{"embeddable":true,"href":"https:\/\/promochaudiere.be\/nl\/wp-json\/wp\/v2\/media\/22211"}],"wp:attachment":[{"href":"https:\/\/promochaudiere.be\/nl\/wp-json\/wp\/v2\/media?parent=14196"}],"wp:term":[{"taxonomy":"product_brand","embeddable":true,"href":"https:\/\/promochaudiere.be\/nl\/wp-json\/wp\/v2\/product_brand?post=14196"},{"taxonomy":"product_cat","embeddable":true,"href":"https:\/\/promochaudiere.be\/nl\/wp-json\/wp\/v2\/product_cat?post=14196"},{"taxonomy":"product_tag","embeddable":true,"href":"https:\/\/promochaudiere.be\/nl\/wp-json\/wp\/v2\/product_tag?post=14196"}],"curies":[{"name":"wp","href":"https:\/\/api.w.org\/{rel}","templated":true}]}}