{"id":14200,"date":"2025-01-17T09:50:47","date_gmt":"2025-01-17T09:50:47","guid":{"rendered":"https:\/\/promochaudiere.be\/produit\/remeha-qsense-s101460\/"},"modified":"2026-02-03T19:39:55","modified_gmt":"2026-02-03T18:39:55","slug":"remeha-qsense-s101460","status":"publish","type":"product","link":"https:\/\/promochaudiere.be\/nl\/product\/remeha-qsense-s101460\/","title":{"rendered":"Remeha Qsense  S101460"},"content":{"rendered":"<p>Le thermostat Remeha Qsense permet un contr\u00f4le pr\u00e9cis et efficace des chaudi\u00e8res Remeha. Son interface intuitive facilite la programmation et l\u2019ajustement des temp\u00e9ratures. Compatible avec plusieurs mod\u00e8les de chaudi\u00e8res, il contribue \u00e0 une meilleure gestion \u00e9nerg\u00e9tique. Facile \u00e0 installer, il garantit une r\u00e9gulation optimale du chauffage. Son design compact s\u2019int\u00e8gre parfaitement aux int\u00e9rieurs modernes. Un choix id\u00e9al pour am\u00e9liorer le confort thermique.<\/p>","protected":false},"excerpt":{"rendered":"<p>Remeha Qsense  S101460<\/p>","protected":false},"featured_media":22572,"comment_status":"open","ping_status":"closed","template":"","meta":[],"product_brand":[],"product_cat":[8840,534],"product_tag":[],"class_list":{"0":"post-14200","1":"product","2":"type-product","3":"status-publish","4":"has-post-thumbnail","6":"product_cat-test","7":"product_cat-thermostat-remeha-fr","8":"pa_marque-remeha","10":"first","11":"instock","12":"sale","13":"taxable","14":"shipping-taxable","15":"purchasable","16":"product-type-simple"},"aioseo_notices":[],"_links":{"self":[{"href":"https:\/\/promochaudiere.be\/nl\/wp-json\/wp\/v2\/product\/14200","targetHints":{"allow":["GET"]}}],"collection":[{"href":"https:\/\/promochaudiere.be\/nl\/wp-json\/wp\/v2\/product"}],"about":[{"href":"https:\/\/promochaudiere.be\/nl\/wp-json\/wp\/v2\/types\/product"}],"replies":[{"embeddable":true,"href":"https:\/\/promochaudiere.be\/nl\/wp-json\/wp\/v2\/comments?post=14200"}],"version-history":[{"count":1,"href":"https:\/\/promochaudiere.be\/nl\/wp-json\/wp\/v2\/product\/14200\/revisions"}],"predecessor-version":[{"id":45777,"href":"https:\/\/promochaudiere.be\/nl\/wp-json\/wp\/v2\/product\/14200\/revisions\/45777"}],"wp:featuredmedia":[{"embeddable":true,"href":"https:\/\/promochaudiere.be\/nl\/wp-json\/wp\/v2\/media\/22572"}],"wp:attachment":[{"href":"https:\/\/promochaudiere.be\/nl\/wp-json\/wp\/v2\/media?parent=14200"}],"wp:term":[{"taxonomy":"product_brand","embeddable":true,"href":"https:\/\/promochaudiere.be\/nl\/wp-json\/wp\/v2\/product_brand?post=14200"},{"taxonomy":"product_cat","embeddable":true,"href":"https:\/\/promochaudiere.be\/nl\/wp-json\/wp\/v2\/product_cat?post=14200"},{"taxonomy":"product_tag","embeddable":true,"href":"https:\/\/promochaudiere.be\/nl\/wp-json\/wp\/v2\/product_tag?post=14200"}],"curies":[{"name":"wp","href":"https:\/\/api.w.org\/{rel}","templated":true}]}}