{"id":14205,"date":"2025-01-17T09:50:48","date_gmt":"2025-01-17T09:50:48","guid":{"rendered":"https:\/\/promochaudiere.be\/produit\/zehnder-tube-encastre-rond-pvc-600mm-527005440\/"},"modified":"2026-02-03T18:15:01","modified_gmt":"2026-02-03T17:15:01","slug":"zehnder-tube-encastre-rond-pvc-600mm-527005440","status":"publish","type":"product","link":"https:\/\/promochaudiere.be\/nl\/product\/zehnder-tube-encastre-rond-pvc-600mm-527005440\/","title":{"rendered":"Zehnder Tube encastre rond  pvc 600mm 527005440"},"content":{"rendered":"<p>Ce tube encastr\u00e9 Zehnder est con\u00e7u pour faciliter l\u2019int\u00e9gration des conduits de ventilation dans les murs et plafonds. Son mat\u00e9riau en PVC garantit une longue dur\u00e9e de vie et une installation propre. Son format de 600mm assure une compatibilit\u00e9 avec divers syst\u00e8mes. Id\u00e9al pour une ventilation discr\u00e8te et efficace.<\/p>","protected":false},"excerpt":{"rendered":"<p>Zehnder Tube encastre rond pvc 600mm 527005440<\/p>","protected":false},"featured_media":22388,"comment_status":"open","ping_status":"closed","template":"","meta":[],"product_brand":[],"product_cat":[10895,8840],"product_tag":[],"class_list":{"0":"post-14205","1":"product","2":"type-product","3":"status-publish","4":"has-post-thumbnail","6":"product_cat-accessoires-zehnder","7":"product_cat-test","8":"pa_marque-zehnder","10":"first","11":"instock","12":"sale","13":"taxable","14":"shipping-taxable","15":"purchasable","16":"product-type-simple"},"aioseo_notices":[],"_links":{"self":[{"href":"https:\/\/promochaudiere.be\/nl\/wp-json\/wp\/v2\/product\/14205","targetHints":{"allow":["GET"]}}],"collection":[{"href":"https:\/\/promochaudiere.be\/nl\/wp-json\/wp\/v2\/product"}],"about":[{"href":"https:\/\/promochaudiere.be\/nl\/wp-json\/wp\/v2\/types\/product"}],"replies":[{"embeddable":true,"href":"https:\/\/promochaudiere.be\/nl\/wp-json\/wp\/v2\/comments?post=14205"}],"version-history":[{"count":1,"href":"https:\/\/promochaudiere.be\/nl\/wp-json\/wp\/v2\/product\/14205\/revisions"}],"predecessor-version":[{"id":53098,"href":"https:\/\/promochaudiere.be\/nl\/wp-json\/wp\/v2\/product\/14205\/revisions\/53098"}],"wp:featuredmedia":[{"embeddable":true,"href":"https:\/\/promochaudiere.be\/nl\/wp-json\/wp\/v2\/media\/22388"}],"wp:attachment":[{"href":"https:\/\/promochaudiere.be\/nl\/wp-json\/wp\/v2\/media?parent=14205"}],"wp:term":[{"taxonomy":"product_brand","embeddable":true,"href":"https:\/\/promochaudiere.be\/nl\/wp-json\/wp\/v2\/product_brand?post=14205"},{"taxonomy":"product_cat","embeddable":true,"href":"https:\/\/promochaudiere.be\/nl\/wp-json\/wp\/v2\/product_cat?post=14205"},{"taxonomy":"product_tag","embeddable":true,"href":"https:\/\/promochaudiere.be\/nl\/wp-json\/wp\/v2\/product_tag?post=14205"}],"curies":[{"name":"wp","href":"https:\/\/api.w.org\/{rel}","templated":true}]}}