{"id":14213,"date":"2025-01-17T09:50:55","date_gmt":"2025-01-17T09:50:55","guid":{"rendered":"https:\/\/promochaudiere.be\/produit\/bosch-capteur-exterieur-sans-fil-t2rf-pour-kcr110rf-7738112343\/"},"modified":"2026-02-03T18:15:02","modified_gmt":"2026-02-03T17:15:02","slug":"bosch-capteur-exterieur-sans-fil-t2rf-pour-kcr110rf-7738112343","status":"publish","type":"product","link":"https:\/\/promochaudiere.be\/nl\/product\/bosch-capteur-exterieur-sans-fil-t2rf-pour-kcr110rf-7738112343\/","title":{"rendered":"BOSCH CAPTEUR EXT\u00c9RIEUR SANS FIL T2RF POUR KCR110RF 7738112343"},"content":{"rendered":"<p>Le capteur ext\u00e9rieur sans fil Bosch T2RF est la solution id\u00e9ale pour une gestion intelligente de votre chauffage. Con\u00e7u pour \u00eatre compatible avec le syst\u00e8me KCR110, il permet une r\u00e9gulation pr\u00e9cise en fonction des conditions climatiques ext\u00e9rieures. Son installation sans fil le rend simple \u00e0 mettre en place sans travaux complexes. Gr\u00e2ce \u00e0 sa technologie avanc\u00e9e, il optimise la consommation \u00e9nerg\u00e9tique pour plus d\u2019\u00e9conomies. Fiable et robuste, il garantit une performance durable. <\/p>","protected":false},"excerpt":{"rendered":"<p>BOSCH CAPTEUR EXT\u00c9RIEUR SANS FIL T2RF POUR KCR110RF 7738112343<\/p>","protected":false},"featured_media":21567,"comment_status":"open","ping_status":"closed","template":"","meta":[],"product_brand":[],"product_cat":[8840,578],"product_tag":[],"class_list":{"0":"post-14213","1":"product","2":"type-product","3":"status-publish","4":"has-post-thumbnail","6":"product_cat-test","7":"product_cat-thermostat-bosch-fr","8":"pa_marque-bosch","10":"first","11":"instock","12":"sale","13":"taxable","14":"shipping-taxable","15":"purchasable","16":"product-type-simple"},"aioseo_notices":[],"_links":{"self":[{"href":"https:\/\/promochaudiere.be\/nl\/wp-json\/wp\/v2\/product\/14213","targetHints":{"allow":["GET"]}}],"collection":[{"href":"https:\/\/promochaudiere.be\/nl\/wp-json\/wp\/v2\/product"}],"about":[{"href":"https:\/\/promochaudiere.be\/nl\/wp-json\/wp\/v2\/types\/product"}],"replies":[{"embeddable":true,"href":"https:\/\/promochaudiere.be\/nl\/wp-json\/wp\/v2\/comments?post=14213"}],"version-history":[{"count":1,"href":"https:\/\/promochaudiere.be\/nl\/wp-json\/wp\/v2\/product\/14213\/revisions"}],"predecessor-version":[{"id":45769,"href":"https:\/\/promochaudiere.be\/nl\/wp-json\/wp\/v2\/product\/14213\/revisions\/45769"}],"wp:featuredmedia":[{"embeddable":true,"href":"https:\/\/promochaudiere.be\/nl\/wp-json\/wp\/v2\/media\/21567"}],"wp:attachment":[{"href":"https:\/\/promochaudiere.be\/nl\/wp-json\/wp\/v2\/media?parent=14213"}],"wp:term":[{"taxonomy":"product_brand","embeddable":true,"href":"https:\/\/promochaudiere.be\/nl\/wp-json\/wp\/v2\/product_brand?post=14213"},{"taxonomy":"product_cat","embeddable":true,"href":"https:\/\/promochaudiere.be\/nl\/wp-json\/wp\/v2\/product_cat?post=14213"},{"taxonomy":"product_tag","embeddable":true,"href":"https:\/\/promochaudiere.be\/nl\/wp-json\/wp\/v2\/product_tag?post=14213"}],"curies":[{"name":"wp","href":"https:\/\/api.w.org\/{rel}","templated":true}]}}