{"id":14215,"date":"2025-01-17T09:50:56","date_gmt":"2025-01-17T09:50:56","guid":{"rendered":"https:\/\/promochaudiere.be\/produit\/honeywell-promo-1-2m-reducteur-pression-1-2-avec-manometre-d06f12am\/"},"modified":"2026-02-03T18:15:01","modified_gmt":"2026-02-03T17:15:01","slug":"honeywell-promo-1-2m-reducteur-pression-1-2-avec-manometre-d06f12am","status":"publish","type":"product","link":"https:\/\/promochaudiere.be\/nl\/product\/honeywell-promo-1-2m-reducteur-pression-1-2-avec-manometre-d06f12am\/","title":{"rendered":"Honeywell promo 1\/2M r\u00e9ducteur pression 1\/2 avec manom\u00e8tre D06F12AM"},"content":{"rendered":"<p>Le r\u00e9ducteur de pression Honeywell D06F12AM est con\u00e7u pour prot\u00e9ger les installations sanitaires contre les variations de pression. Il assure une r\u00e9gulation pr\u00e9cise et r\u00e9duit le risque d\u2019usure pr\u00e9matur\u00e9e des \u00e9quipements. Gr\u00e2ce \u00e0 son manom\u00e8tre int\u00e9gr\u00e9, il permet un contr\u00f4le en temps r\u00e9el de la pression d\u2019eau. Facile \u00e0 installer, il garantit un fonctionnement stable et s\u00e9curis\u00e9. Un accessoire essentiel pour prolonger la dur\u00e9e de vie des \u00e9quipements hydrauliques.<\/p>","protected":false},"excerpt":{"rendered":"<p>Honeywell promo 1\/2M r\u00e9ducteur pression 1\/2 avec manom\u00e8tre D06F12AM<\/p>","protected":false},"featured_media":22798,"comment_status":"open","ping_status":"closed","template":"","meta":[],"product_brand":[],"product_cat":[9547,8840],"product_tag":[],"class_list":{"0":"post-14215","1":"product","2":"type-product","3":"status-publish","4":"has-post-thumbnail","6":"product_cat-reducteur-deau","7":"product_cat-test","9":"first","10":"instock","11":"sale","12":"taxable","13":"shipping-taxable","14":"purchasable","15":"product-type-simple"},"aioseo_notices":[],"_links":{"self":[{"href":"https:\/\/promochaudiere.be\/nl\/wp-json\/wp\/v2\/product\/14215","targetHints":{"allow":["GET"]}}],"collection":[{"href":"https:\/\/promochaudiere.be\/nl\/wp-json\/wp\/v2\/product"}],"about":[{"href":"https:\/\/promochaudiere.be\/nl\/wp-json\/wp\/v2\/types\/product"}],"replies":[{"embeddable":true,"href":"https:\/\/promochaudiere.be\/nl\/wp-json\/wp\/v2\/comments?post=14215"}],"version-history":[{"count":1,"href":"https:\/\/promochaudiere.be\/nl\/wp-json\/wp\/v2\/product\/14215\/revisions"}],"predecessor-version":[{"id":53095,"href":"https:\/\/promochaudiere.be\/nl\/wp-json\/wp\/v2\/product\/14215\/revisions\/53095"}],"wp:featuredmedia":[{"embeddable":true,"href":"https:\/\/promochaudiere.be\/nl\/wp-json\/wp\/v2\/media\/22798"}],"wp:attachment":[{"href":"https:\/\/promochaudiere.be\/nl\/wp-json\/wp\/v2\/media?parent=14215"}],"wp:term":[{"taxonomy":"product_brand","embeddable":true,"href":"https:\/\/promochaudiere.be\/nl\/wp-json\/wp\/v2\/product_brand?post=14215"},{"taxonomy":"product_cat","embeddable":true,"href":"https:\/\/promochaudiere.be\/nl\/wp-json\/wp\/v2\/product_cat?post=14215"},{"taxonomy":"product_tag","embeddable":true,"href":"https:\/\/promochaudiere.be\/nl\/wp-json\/wp\/v2\/product_tag?post=14215"}],"curies":[{"name":"wp","href":"https:\/\/api.w.org\/{rel}","templated":true}]}}