{"id":14216,"date":"2025-01-17T09:50:56","date_gmt":"2025-01-17T09:50:56","guid":{"rendered":"https:\/\/promochaudiere.be\/produit\/flamco-vase-dexpansion-chauffage-central-flexcon-25l-15kg-16924\/"},"modified":"2026-02-03T18:15:02","modified_gmt":"2026-02-03T17:15:02","slug":"flamco-vase-dexpansion-chauffage-central-flexcon-25l-15kg-16924","status":"publish","type":"product","link":"https:\/\/promochaudiere.be\/nl\/product\/flamco-vase-dexpansion-chauffage-central-flexcon-25l-15kg-16924\/","title":{"rendered":"Flamco vase d&rsquo;expansion chauffage central flexcon 25L 1,5kg 16924"},"content":{"rendered":"<p>Avec une capacit\u00e9 de 25 litres, ce vase d\u2019expansion prot\u00e8ge efficacement les circuits de chauffage contre les variations de pression. Son rev\u00eatement robuste assure une excellente r\u00e9sistance \u00e0 la corrosion. Il am\u00e9liore la dur\u00e9e de vie des chaudi\u00e8res et radiateurs en \u00e9vitant les coups de b\u00e9lier. Son installation simple le rend compatible avec diff\u00e9rents syst\u00e8mes. Il garantit une r\u00e9gulation thermique optimale. Un \u00e9l\u00e9ment essentiel pour une installation stable et durable.<\/p>","protected":false},"excerpt":{"rendered":"<p>Flamco vase d&rsquo;expansion chauffage central flexcon 25L 1,5kg 16924<\/p>","protected":false},"featured_media":22048,"comment_status":"open","ping_status":"closed","template":"","meta":[],"product_brand":[],"product_cat":[8840,11001],"product_tag":[],"class_list":{"0":"post-14216","1":"product","2":"type-product","3":"status-publish","4":"has-post-thumbnail","6":"product_cat-test","7":"product_cat-vase-dexpansion-chauffage","8":"pa_marque-flamco","10":"first","11":"instock","12":"sale","13":"taxable","14":"shipping-taxable","15":"purchasable","16":"product-type-simple"},"aioseo_notices":[],"_links":{"self":[{"href":"https:\/\/promochaudiere.be\/nl\/wp-json\/wp\/v2\/product\/14216","targetHints":{"allow":["GET"]}}],"collection":[{"href":"https:\/\/promochaudiere.be\/nl\/wp-json\/wp\/v2\/product"}],"about":[{"href":"https:\/\/promochaudiere.be\/nl\/wp-json\/wp\/v2\/types\/product"}],"replies":[{"embeddable":true,"href":"https:\/\/promochaudiere.be\/nl\/wp-json\/wp\/v2\/comments?post=14216"}],"version-history":[{"count":1,"href":"https:\/\/promochaudiere.be\/nl\/wp-json\/wp\/v2\/product\/14216\/revisions"}],"predecessor-version":[{"id":45767,"href":"https:\/\/promochaudiere.be\/nl\/wp-json\/wp\/v2\/product\/14216\/revisions\/45767"}],"wp:featuredmedia":[{"embeddable":true,"href":"https:\/\/promochaudiere.be\/nl\/wp-json\/wp\/v2\/media\/22048"}],"wp:attachment":[{"href":"https:\/\/promochaudiere.be\/nl\/wp-json\/wp\/v2\/media?parent=14216"}],"wp:term":[{"taxonomy":"product_brand","embeddable":true,"href":"https:\/\/promochaudiere.be\/nl\/wp-json\/wp\/v2\/product_brand?post=14216"},{"taxonomy":"product_cat","embeddable":true,"href":"https:\/\/promochaudiere.be\/nl\/wp-json\/wp\/v2\/product_cat?post=14216"},{"taxonomy":"product_tag","embeddable":true,"href":"https:\/\/promochaudiere.be\/nl\/wp-json\/wp\/v2\/product_tag?post=14216"}],"curies":[{"name":"wp","href":"https:\/\/api.w.org\/{rel}","templated":true}]}}