{"id":14222,"date":"2025-01-17T09:50:58","date_gmt":"2025-01-17T09:50:58","guid":{"rendered":"https:\/\/promochaudiere.be\/produit\/junkers-partie-en-haut-pour-thermostat-tr21-87454001390\/"},"modified":"2026-02-03T18:15:02","modified_gmt":"2026-02-03T17:15:02","slug":"junkers-partie-en-haut-pour-thermostat-tr21-87454001390","status":"publish","type":"product","link":"https:\/\/promochaudiere.be\/product\/junkers-partie-en-haut-pour-thermostat-tr21-87454001390\/","title":{"rendered":"JUNKERS PARTIE EN HAUT POUR THERMOSTAT TR21 87454001390"},"content":{"rendered":"<p>La partie sup\u00e9rieure du thermostat Junkers TR21 est une pi\u00e8ce de rechange essentielle pour garantir un fonctionnement pr\u00e9cis et optimal. Con\u00e7ue pour s\u2019adapter parfaitement au mod\u00e8le TR21, elle assure une r\u00e9gulation fiable de la temp\u00e9rature. Son installation est simple et rapide, permettant de remettre \u00e0 neuf votre thermostat en toute simplicit\u00e9. Fabriqu\u00e9e avec des mat\u00e9riaux r\u00e9sistants, elle offre une excellente durabilit\u00e9. Une solution id\u00e9ale pour prolonger la vie de votre r\u00e9gulateur de temp\u00e9rature.<\/p>","protected":false},"excerpt":{"rendered":"<p>JUNKERS PARTIE EN HAUT POUR THERMOSTAT TR21 87454001390<\/p>","protected":false},"featured_media":21386,"comment_status":"open","ping_status":"closed","template":"","meta":[],"product_brand":[],"product_cat":[9485,8840],"product_tag":[],"class_list":{"0":"post-14222","1":"product","2":"type-product","3":"status-publish","4":"has-post-thumbnail","6":"product_cat-pieces-detachees-bosch","7":"product_cat-test","8":"pa_marque-bosch","10":"first","11":"instock","12":"sale","13":"taxable","14":"shipping-taxable","15":"purchasable","16":"product-type-simple"},"aioseo_notices":[],"_links":{"self":[{"href":"https:\/\/promochaudiere.be\/nl\/wp-json\/wp\/v2\/product\/14222","targetHints":{"allow":["GET"]}}],"collection":[{"href":"https:\/\/promochaudiere.be\/nl\/wp-json\/wp\/v2\/product"}],"about":[{"href":"https:\/\/promochaudiere.be\/nl\/wp-json\/wp\/v2\/types\/product"}],"replies":[{"embeddable":true,"href":"https:\/\/promochaudiere.be\/nl\/wp-json\/wp\/v2\/comments?post=14222"}],"version-history":[{"count":1,"href":"https:\/\/promochaudiere.be\/nl\/wp-json\/wp\/v2\/product\/14222\/revisions"}],"predecessor-version":[{"id":45762,"href":"https:\/\/promochaudiere.be\/nl\/wp-json\/wp\/v2\/product\/14222\/revisions\/45762"}],"wp:featuredmedia":[{"embeddable":true,"href":"https:\/\/promochaudiere.be\/nl\/wp-json\/wp\/v2\/media\/21386"}],"wp:attachment":[{"href":"https:\/\/promochaudiere.be\/nl\/wp-json\/wp\/v2\/media?parent=14222"}],"wp:term":[{"taxonomy":"product_brand","embeddable":true,"href":"https:\/\/promochaudiere.be\/nl\/wp-json\/wp\/v2\/product_brand?post=14222"},{"taxonomy":"product_cat","embeddable":true,"href":"https:\/\/promochaudiere.be\/nl\/wp-json\/wp\/v2\/product_cat?post=14222"},{"taxonomy":"product_tag","embeddable":true,"href":"https:\/\/promochaudiere.be\/nl\/wp-json\/wp\/v2\/product_tag?post=14222"}],"curies":[{"name":"wp","href":"https:\/\/api.w.org\/{rel}","templated":true}]}}