{"id":14223,"date":"2025-01-17T09:50:58","date_gmt":"2025-01-17T09:50:58","guid":{"rendered":"https:\/\/promochaudiere.be\/produit\/junkers-surveillance-des-gaz-87072060740\/"},"modified":"2026-02-03T18:15:02","modified_gmt":"2026-02-03T17:15:02","slug":"junkers-surveillance-des-gaz-87072060740","status":"publish","type":"product","link":"https:\/\/promochaudiere.be\/nl\/product\/junkers-surveillance-des-gaz-87072060740\/","title":{"rendered":"Junkers surveillance des gaz 87072060740"},"content":{"rendered":"<p>Ce dispositif de surveillance des gaz Junkers est con\u00e7u pour d\u00e9tecter les anomalies et assurer la s\u00e9curit\u00e9 des installations. Il garantit un fonctionnement optimal en \u00e9vitant les risques li\u00e9s aux fuites de gaz. Un \u00e9l\u00e9ment essentiel pour un chauffage s\u00e9curis\u00e9.<\/p>","protected":false},"excerpt":{"rendered":"<p>Junkers surveillance des gaz 87072060740<\/p>","protected":false},"featured_media":21366,"comment_status":"open","ping_status":"closed","template":"","meta":[],"product_brand":[],"product_cat":[9485,8840],"product_tag":[],"class_list":{"0":"post-14223","1":"product","2":"type-product","3":"status-publish","4":"has-post-thumbnail","6":"product_cat-pieces-detachees-bosch","7":"product_cat-test","8":"pa_marque-junkers","10":"first","11":"instock","12":"sale","13":"taxable","14":"shipping-taxable","15":"purchasable","16":"product-type-simple"},"aioseo_notices":[],"_links":{"self":[{"href":"https:\/\/promochaudiere.be\/nl\/wp-json\/wp\/v2\/product\/14223","targetHints":{"allow":["GET"]}}],"collection":[{"href":"https:\/\/promochaudiere.be\/nl\/wp-json\/wp\/v2\/product"}],"about":[{"href":"https:\/\/promochaudiere.be\/nl\/wp-json\/wp\/v2\/types\/product"}],"replies":[{"embeddable":true,"href":"https:\/\/promochaudiere.be\/nl\/wp-json\/wp\/v2\/comments?post=14223"}],"version-history":[{"count":1,"href":"https:\/\/promochaudiere.be\/nl\/wp-json\/wp\/v2\/product\/14223\/revisions"}],"predecessor-version":[{"id":45763,"href":"https:\/\/promochaudiere.be\/nl\/wp-json\/wp\/v2\/product\/14223\/revisions\/45763"}],"wp:featuredmedia":[{"embeddable":true,"href":"https:\/\/promochaudiere.be\/nl\/wp-json\/wp\/v2\/media\/21366"}],"wp:attachment":[{"href":"https:\/\/promochaudiere.be\/nl\/wp-json\/wp\/v2\/media?parent=14223"}],"wp:term":[{"taxonomy":"product_brand","embeddable":true,"href":"https:\/\/promochaudiere.be\/nl\/wp-json\/wp\/v2\/product_brand?post=14223"},{"taxonomy":"product_cat","embeddable":true,"href":"https:\/\/promochaudiere.be\/nl\/wp-json\/wp\/v2\/product_cat?post=14223"},{"taxonomy":"product_tag","embeddable":true,"href":"https:\/\/promochaudiere.be\/nl\/wp-json\/wp\/v2\/product_tag?post=14223"}],"curies":[{"name":"wp","href":"https:\/\/api.w.org\/{rel}","templated":true}]}}