{"id":14229,"date":"2025-01-17T09:51:00","date_gmt":"2025-01-17T09:51:00","guid":{"rendered":"https:\/\/promochaudiere.be\/produit\/passage-de-toit-plat-125mm-pour-tuyau-solaire-420460712\/"},"modified":"2026-02-03T18:15:04","modified_gmt":"2026-02-03T17:15:04","slug":"passage-de-toit-plat-125mm-pour-tuyau-solaire-420460712","status":"publish","type":"product","link":"https:\/\/promochaudiere.be\/nl\/product\/passage-de-toit-plat-125mm-pour-tuyau-solaire-420460712\/","title":{"rendered":"PASSAGE DE TOIT PLAT 125MM POUR TUYAU SOLAIRE 420460712"},"content":{"rendered":"<p>Ce passage de toit plat assure une \u00e9vacuation efficace des conduits solaires de 125mm. Son mat\u00e9riau r\u00e9sistant prot\u00e8ge contre les infiltrations d\u2019eau. Facile \u00e0 poser, il garantit une fixation stable et s\u00e9curis\u00e9e. Un accessoire cl\u00e9 pour les installations solaires.<\/p>","protected":false},"excerpt":{"rendered":"<p>PASSAGE DE TOIT PLAT 125MM POUR TUYAU SOLAIRE 420460712<\/p>","protected":false},"featured_media":22605,"comment_status":"open","ping_status":"closed","template":"","meta":[],"product_brand":[],"product_cat":[2791,8840],"product_tag":[],"class_list":{"0":"post-14229","1":"product","2":"type-product","3":"status-publish","4":"has-post-thumbnail","6":"product_cat-accessoires-de-ventilation","7":"product_cat-test","9":"first","10":"instock","11":"sale","12":"taxable","13":"shipping-taxable","14":"purchasable","15":"product-type-simple"},"aioseo_notices":[],"_links":{"self":[{"href":"https:\/\/promochaudiere.be\/nl\/wp-json\/wp\/v2\/product\/14229","targetHints":{"allow":["GET"]}}],"collection":[{"href":"https:\/\/promochaudiere.be\/nl\/wp-json\/wp\/v2\/product"}],"about":[{"href":"https:\/\/promochaudiere.be\/nl\/wp-json\/wp\/v2\/types\/product"}],"replies":[{"embeddable":true,"href":"https:\/\/promochaudiere.be\/nl\/wp-json\/wp\/v2\/comments?post=14229"}],"version-history":[{"count":1,"href":"https:\/\/promochaudiere.be\/nl\/wp-json\/wp\/v2\/product\/14229\/revisions"}],"predecessor-version":[{"id":53090,"href":"https:\/\/promochaudiere.be\/nl\/wp-json\/wp\/v2\/product\/14229\/revisions\/53090"}],"wp:featuredmedia":[{"embeddable":true,"href":"https:\/\/promochaudiere.be\/nl\/wp-json\/wp\/v2\/media\/22605"}],"wp:attachment":[{"href":"https:\/\/promochaudiere.be\/nl\/wp-json\/wp\/v2\/media?parent=14229"}],"wp:term":[{"taxonomy":"product_brand","embeddable":true,"href":"https:\/\/promochaudiere.be\/nl\/wp-json\/wp\/v2\/product_brand?post=14229"},{"taxonomy":"product_cat","embeddable":true,"href":"https:\/\/promochaudiere.be\/nl\/wp-json\/wp\/v2\/product_cat?post=14229"},{"taxonomy":"product_tag","embeddable":true,"href":"https:\/\/promochaudiere.be\/nl\/wp-json\/wp\/v2\/product_tag?post=14229"}],"curies":[{"name":"wp","href":"https:\/\/api.w.org\/{rel}","templated":true}]}}