{"id":14230,"date":"2025-01-17T09:51:01","date_gmt":"2025-01-17T09:51:01","guid":{"rendered":"https:\/\/promochaudiere.be\/produit\/honeywell-promo-3-4m-reducteur-pression-3-4-avec-manometre-d06f34am\/"},"modified":"2026-02-03T18:15:02","modified_gmt":"2026-02-03T17:15:02","slug":"honeywell-promo-3-4m-reducteur-pression-3-4-avec-manometre-d06f34am","status":"publish","type":"product","link":"https:\/\/promochaudiere.be\/nl\/product\/honeywell-promo-3-4m-reducteur-pression-3-4-avec-manometre-d06f34am\/","title":{"rendered":"Honeywell promo 3\/4M r\u00e9ducteur pression 3\/4 avec manom\u00e8tre D06F34AM"},"content":{"rendered":"<p>Le r\u00e9ducteur de pression Honeywell D06F34AM avec manom\u00e8tre permet de contr\u00f4ler et de r\u00e9guler pr\u00e9cis\u00e9ment la pression de l\u2019eau dans les installations domestiques et industrielles. Il prot\u00e8ge les \u00e9quipements contre les surpressions et garantit un fonctionnement stable. Facile \u00e0 installer et \u00e0 ajuster, il assure une gestion optimale de la pression. Un choix id\u00e9al pour prolonger la dur\u00e9e de vie des \u00e9quipements hydrauliques.<\/p>","protected":false},"excerpt":{"rendered":"<p>Honeywell promo 3\/4M r\u00e9ducteur pression 3\/4 avec manom\u00e8tre D06F34AM<\/p>","protected":false},"featured_media":21650,"comment_status":"open","ping_status":"closed","template":"","meta":[],"product_brand":[],"product_cat":[9547,8840],"product_tag":[],"class_list":{"0":"post-14230","1":"product","2":"type-product","3":"status-publish","4":"has-post-thumbnail","6":"product_cat-reducteur-deau","7":"product_cat-test","8":"pa_marque-honeywell","10":"first","11":"instock","12":"sale","13":"taxable","14":"shipping-taxable","15":"purchasable","16":"product-type-simple"},"aioseo_notices":[],"_links":{"self":[{"href":"https:\/\/promochaudiere.be\/nl\/wp-json\/wp\/v2\/product\/14230","targetHints":{"allow":["GET"]}}],"collection":[{"href":"https:\/\/promochaudiere.be\/nl\/wp-json\/wp\/v2\/product"}],"about":[{"href":"https:\/\/promochaudiere.be\/nl\/wp-json\/wp\/v2\/types\/product"}],"replies":[{"embeddable":true,"href":"https:\/\/promochaudiere.be\/nl\/wp-json\/wp\/v2\/comments?post=14230"}],"version-history":[{"count":1,"href":"https:\/\/promochaudiere.be\/nl\/wp-json\/wp\/v2\/product\/14230\/revisions"}],"predecessor-version":[{"id":45758,"href":"https:\/\/promochaudiere.be\/nl\/wp-json\/wp\/v2\/product\/14230\/revisions\/45758"}],"wp:featuredmedia":[{"embeddable":true,"href":"https:\/\/promochaudiere.be\/nl\/wp-json\/wp\/v2\/media\/21650"}],"wp:attachment":[{"href":"https:\/\/promochaudiere.be\/nl\/wp-json\/wp\/v2\/media?parent=14230"}],"wp:term":[{"taxonomy":"product_brand","embeddable":true,"href":"https:\/\/promochaudiere.be\/nl\/wp-json\/wp\/v2\/product_brand?post=14230"},{"taxonomy":"product_cat","embeddable":true,"href":"https:\/\/promochaudiere.be\/nl\/wp-json\/wp\/v2\/product_cat?post=14230"},{"taxonomy":"product_tag","embeddable":true,"href":"https:\/\/promochaudiere.be\/nl\/wp-json\/wp\/v2\/product_tag?post=14230"}],"curies":[{"name":"wp","href":"https:\/\/api.w.org\/{rel}","templated":true}]}}