{"id":14235,"date":"2025-01-17T09:51:03","date_gmt":"2025-01-17T09:51:03","guid":{"rendered":"https:\/\/promochaudiere.be\/produit\/vaillant-moteur-vanne-avec-3-voies-vcvhrvuvuivuw-140429\/"},"modified":"2026-02-03T18:15:03","modified_gmt":"2026-02-03T17:15:03","slug":"vaillant-moteur-vanne-avec-3-voies-vcvhrvuvuivuw-140429","status":"publish","type":"product","link":"https:\/\/promochaudiere.be\/nl\/product\/vaillant-moteur-vanne-avec-3-voies-vcvhrvuvuivuw-140429\/","title":{"rendered":"Vaillant moteur vanne avec 3 voies VC+VHR+VU+VUI+VUW 140429"},"content":{"rendered":"<p>Ce moteur de vanne Vaillant est con\u00e7u pour les chaudi\u00e8res \u00e9quip\u00e9es de vannes 3 voies. Il permet un contr\u00f4le pr\u00e9cis de la r\u00e9partition de l\u2019eau entre le chauffage et l\u2019eau sanitaire. Compatible avec les mod\u00e8les VC, VHR, VU et VUW, il garantit une r\u00e9gulation optimale. Sa conception robuste assure une longue dur\u00e9e de vie. Facile \u00e0 installer, il am\u00e9liore l\u2019efficacit\u00e9 \u00e9nerg\u00e9tique. Un accessoire cl\u00e9 pour une gestion efficace du chauffage.<\/p>","protected":false},"excerpt":{"rendered":"<p>Vaillant moteur vanne avec 3 voies VC+VHR+VU+VUI+VUW 140429<\/p>","protected":false},"featured_media":22250,"comment_status":"open","ping_status":"closed","template":"","meta":[],"product_brand":[],"product_cat":[8917,8840],"product_tag":[],"class_list":{"0":"post-14235","1":"product","2":"type-product","3":"status-publish","4":"has-post-thumbnail","6":"product_cat-pieces-detachees-vaillant","7":"product_cat-test","8":"pa_marque-vaillant","10":"first","11":"instock","12":"sale","13":"taxable","14":"shipping-taxable","15":"purchasable","16":"product-type-simple"},"aioseo_notices":[],"_links":{"self":[{"href":"https:\/\/promochaudiere.be\/nl\/wp-json\/wp\/v2\/product\/14235","targetHints":{"allow":["GET"]}}],"collection":[{"href":"https:\/\/promochaudiere.be\/nl\/wp-json\/wp\/v2\/product"}],"about":[{"href":"https:\/\/promochaudiere.be\/nl\/wp-json\/wp\/v2\/types\/product"}],"replies":[{"embeddable":true,"href":"https:\/\/promochaudiere.be\/nl\/wp-json\/wp\/v2\/comments?post=14235"}],"version-history":[{"count":1,"href":"https:\/\/promochaudiere.be\/nl\/wp-json\/wp\/v2\/product\/14235\/revisions"}],"predecessor-version":[{"id":53089,"href":"https:\/\/promochaudiere.be\/nl\/wp-json\/wp\/v2\/product\/14235\/revisions\/53089"}],"wp:featuredmedia":[{"embeddable":true,"href":"https:\/\/promochaudiere.be\/nl\/wp-json\/wp\/v2\/media\/22250"}],"wp:attachment":[{"href":"https:\/\/promochaudiere.be\/nl\/wp-json\/wp\/v2\/media?parent=14235"}],"wp:term":[{"taxonomy":"product_brand","embeddable":true,"href":"https:\/\/promochaudiere.be\/nl\/wp-json\/wp\/v2\/product_brand?post=14235"},{"taxonomy":"product_cat","embeddable":true,"href":"https:\/\/promochaudiere.be\/nl\/wp-json\/wp\/v2\/product_cat?post=14235"},{"taxonomy":"product_tag","embeddable":true,"href":"https:\/\/promochaudiere.be\/nl\/wp-json\/wp\/v2\/product_tag?post=14235"}],"curies":[{"name":"wp","href":"https:\/\/api.w.org\/{rel}","templated":true}]}}