{"id":14237,"date":"2025-01-17T09:51:04","date_gmt":"2025-01-17T09:51:04","guid":{"rendered":"https:\/\/promochaudiere.be\/produit\/vaillant-echangeur-sanitaire-13-plaques-pour-chaudiere-vaillant-vuw242-0020020018\/"},"modified":"2026-02-03T18:15:06","modified_gmt":"2026-02-03T17:15:06","slug":"vaillant-echangeur-sanitaire-13-plaques-pour-chaudiere-vaillant-vuw242-0020020018","status":"publish","type":"product","link":"https:\/\/promochaudiere.be\/nl\/product\/vaillant-echangeur-sanitaire-13-plaques-pour-chaudiere-vaillant-vuw242-0020020018\/","title":{"rendered":"Vaillant \u00c9changeur sanitaire 13 plaques pour Chaudi\u00e8re Vaillant VUW242 0020020018"},"content":{"rendered":"<p>Cet \u00e9changeur sanitaire Vaillant \u00e0 13 plaques assure un transfert thermique efficace pour la production d\u2019eau chaude. Il optimise la performance des chaudi\u00e8res en garantissant une mont\u00e9e rapide en temp\u00e9rature. Fabriqu\u00e9 en acier inoxydable, il r\u00e9siste \u00e0 la corrosion et assure une longue dur\u00e9e de vie. Facile \u00e0 installer, il garantit un fonctionnement fiable et \u00e9conomique. Un accessoire essentiel pour un confort thermique optimal.<\/p>","protected":false},"excerpt":{"rendered":"<p>Vaillant \u00c9changeur sanitaire 13 plaques pour Chaudi\u00e8re Vaillant VUW242 0020020018<\/p>","protected":false},"featured_media":21887,"comment_status":"open","ping_status":"closed","template":"","meta":[],"product_brand":[],"product_cat":[8917,8840],"product_tag":[],"class_list":{"0":"post-14237","1":"product","2":"type-product","3":"status-publish","4":"has-post-thumbnail","6":"product_cat-pieces-detachees-vaillant","7":"product_cat-test","8":"pa_marque-vaillant","10":"first","11":"instock","12":"sale","13":"taxable","14":"shipping-taxable","15":"purchasable","16":"product-type-simple"},"aioseo_notices":[],"_links":{"self":[{"href":"https:\/\/promochaudiere.be\/nl\/wp-json\/wp\/v2\/product\/14237","targetHints":{"allow":["GET"]}}],"collection":[{"href":"https:\/\/promochaudiere.be\/nl\/wp-json\/wp\/v2\/product"}],"about":[{"href":"https:\/\/promochaudiere.be\/nl\/wp-json\/wp\/v2\/types\/product"}],"replies":[{"embeddable":true,"href":"https:\/\/promochaudiere.be\/nl\/wp-json\/wp\/v2\/comments?post=14237"}],"version-history":[{"count":1,"href":"https:\/\/promochaudiere.be\/nl\/wp-json\/wp\/v2\/product\/14237\/revisions"}],"predecessor-version":[{"id":53087,"href":"https:\/\/promochaudiere.be\/nl\/wp-json\/wp\/v2\/product\/14237\/revisions\/53087"}],"wp:featuredmedia":[{"embeddable":true,"href":"https:\/\/promochaudiere.be\/nl\/wp-json\/wp\/v2\/media\/21887"}],"wp:attachment":[{"href":"https:\/\/promochaudiere.be\/nl\/wp-json\/wp\/v2\/media?parent=14237"}],"wp:term":[{"taxonomy":"product_brand","embeddable":true,"href":"https:\/\/promochaudiere.be\/nl\/wp-json\/wp\/v2\/product_brand?post=14237"},{"taxonomy":"product_cat","embeddable":true,"href":"https:\/\/promochaudiere.be\/nl\/wp-json\/wp\/v2\/product_cat?post=14237"},{"taxonomy":"product_tag","embeddable":true,"href":"https:\/\/promochaudiere.be\/nl\/wp-json\/wp\/v2\/product_tag?post=14237"}],"curies":[{"name":"wp","href":"https:\/\/api.w.org\/{rel}","templated":true}]}}