{"id":14242,"date":"2025-01-17T09:51:06","date_gmt":"2025-01-17T09:51:06","guid":{"rendered":"https:\/\/promochaudiere.be\/produit\/junkers-passage-de-toit-concentrique-azb917-60-100mmadaptateur-7738112504\/"},"modified":"2026-02-03T19:39:55","modified_gmt":"2026-02-03T18:39:55","slug":"junkers-passage-de-toit-concentrique-azb917-60-100mmadaptateur-7738112504","status":"publish","type":"product","link":"https:\/\/promochaudiere.be\/nl\/product\/junkers-passage-de-toit-concentrique-azb917-60-100mmadaptateur-7738112504\/","title":{"rendered":"JUNKERS PASSAGE DE TOIT CONCENTRIQUE AZB917 60\/100MM+ADAPTATEUR 7738112504"},"content":{"rendered":"<p>Le passage de toit concentrique Junkers AZB917 est une solution id\u00e9ale pour l\u2019\u00e9vacuation des fum\u00e9es et l\u2019arriv\u00e9e d\u2019air frais dans les installations de chauffage. Con\u00e7u pour une \u00e9tanch\u00e9it\u00e9 parfaite, il assure une s\u00e9curit\u00e9 maximale et une efficacit\u00e9 optimale. Sa conception robuste en mat\u00e9riaux r\u00e9sistants garantit une longue dur\u00e9e de vie. Facile \u00e0 installer, il s\u2019adapte aux configurations de toiture les plus courantes.<\/p>","protected":false},"excerpt":{"rendered":"<p>JUNKERS PASSAGE DE TOIT CONCENTRIQUE AZB917 60\/100MM+ADAPTATEUR 7738112504<\/p>","protected":false},"featured_media":21629,"comment_status":"open","ping_status":"closed","template":"","meta":[],"product_brand":[],"product_cat":[576,8840],"product_tag":[],"class_list":{"0":"post-14242","1":"product","2":"type-product","3":"status-publish","4":"has-post-thumbnail","6":"product_cat-fumisterie-junkers-bosch-fr","7":"product_cat-test","8":"pa_marque-bosch","10":"first","11":"instock","12":"sale","13":"taxable","14":"shipping-taxable","15":"purchasable","16":"product-type-simple"},"aioseo_notices":[],"_links":{"self":[{"href":"https:\/\/promochaudiere.be\/nl\/wp-json\/wp\/v2\/product\/14242","targetHints":{"allow":["GET"]}}],"collection":[{"href":"https:\/\/promochaudiere.be\/nl\/wp-json\/wp\/v2\/product"}],"about":[{"href":"https:\/\/promochaudiere.be\/nl\/wp-json\/wp\/v2\/types\/product"}],"replies":[{"embeddable":true,"href":"https:\/\/promochaudiere.be\/nl\/wp-json\/wp\/v2\/comments?post=14242"}],"version-history":[{"count":1,"href":"https:\/\/promochaudiere.be\/nl\/wp-json\/wp\/v2\/product\/14242\/revisions"}],"predecessor-version":[{"id":45752,"href":"https:\/\/promochaudiere.be\/nl\/wp-json\/wp\/v2\/product\/14242\/revisions\/45752"}],"wp:featuredmedia":[{"embeddable":true,"href":"https:\/\/promochaudiere.be\/nl\/wp-json\/wp\/v2\/media\/21629"}],"wp:attachment":[{"href":"https:\/\/promochaudiere.be\/nl\/wp-json\/wp\/v2\/media?parent=14242"}],"wp:term":[{"taxonomy":"product_brand","embeddable":true,"href":"https:\/\/promochaudiere.be\/nl\/wp-json\/wp\/v2\/product_brand?post=14242"},{"taxonomy":"product_cat","embeddable":true,"href":"https:\/\/promochaudiere.be\/nl\/wp-json\/wp\/v2\/product_cat?post=14242"},{"taxonomy":"product_tag","embeddable":true,"href":"https:\/\/promochaudiere.be\/nl\/wp-json\/wp\/v2\/product_tag?post=14242"}],"curies":[{"name":"wp","href":"https:\/\/api.w.org\/{rel}","templated":true}]}}