{"id":14243,"date":"2025-01-17T09:51:06","date_gmt":"2025-01-17T09:51:06","guid":{"rendered":"https:\/\/promochaudiere.be\/produit\/vanne-melangeuse-3-voies-vrg131-esbe-dn32-16kvs-5-4f-11601200\/"},"modified":"2026-02-03T18:15:04","modified_gmt":"2026-02-03T17:15:04","slug":"vanne-melangeuse-3-voies-vrg131-esbe-dn32-16kvs-5-4f-11601200","status":"publish","type":"product","link":"https:\/\/promochaudiere.be\/nl\/product\/vanne-melangeuse-3-voies-vrg131-esbe-dn32-16kvs-5-4f-11601200\/","title":{"rendered":"VANNE MELANGEUSE 3 VOIES VRG131 ESBE DN32- 16KVS 5\/4&Prime;F 11601200"},"content":{"rendered":"<p>Cette vanne m\u00e9langeuse ESBE DN32 permet une distribution homog\u00e8ne de l\u2019eau chaude et froide. Son d\u00e9bit Kvs de 16 optimise la performance des circuits hydrauliques. Son installation est simple et rapide. Fabriqu\u00e9e en laiton r\u00e9sistant, elle assure une longue dur\u00e9e de vie. Un composant essentiel pour une gestion thermique efficace.<\/p>","protected":false},"excerpt":{"rendered":"<p>VANNE MELANGEUSE 3 VOIES VRG131 ESBE DN32- 16KVS 5\/4&Prime;F 11601200<\/p>","protected":false},"featured_media":21119,"comment_status":"open","ping_status":"closed","template":"","meta":[],"product_brand":[],"product_cat":[5519],"product_tag":[],"class_list":{"0":"post-14243","1":"product","2":"type-product","3":"status-publish","4":"has-post-thumbnail","6":"product_cat-vanne","8":"first","9":"instock","10":"sale","11":"taxable","12":"shipping-taxable","13":"purchasable","14":"product-type-simple"},"aioseo_notices":[],"_links":{"self":[{"href":"https:\/\/promochaudiere.be\/nl\/wp-json\/wp\/v2\/product\/14243","targetHints":{"allow":["GET"]}}],"collection":[{"href":"https:\/\/promochaudiere.be\/nl\/wp-json\/wp\/v2\/product"}],"about":[{"href":"https:\/\/promochaudiere.be\/nl\/wp-json\/wp\/v2\/types\/product"}],"replies":[{"embeddable":true,"href":"https:\/\/promochaudiere.be\/nl\/wp-json\/wp\/v2\/comments?post=14243"}],"version-history":[{"count":1,"href":"https:\/\/promochaudiere.be\/nl\/wp-json\/wp\/v2\/product\/14243\/revisions"}],"predecessor-version":[{"id":53084,"href":"https:\/\/promochaudiere.be\/nl\/wp-json\/wp\/v2\/product\/14243\/revisions\/53084"}],"wp:featuredmedia":[{"embeddable":true,"href":"https:\/\/promochaudiere.be\/nl\/wp-json\/wp\/v2\/media\/21119"}],"wp:attachment":[{"href":"https:\/\/promochaudiere.be\/nl\/wp-json\/wp\/v2\/media?parent=14243"}],"wp:term":[{"taxonomy":"product_brand","embeddable":true,"href":"https:\/\/promochaudiere.be\/nl\/wp-json\/wp\/v2\/product_brand?post=14243"},{"taxonomy":"product_cat","embeddable":true,"href":"https:\/\/promochaudiere.be\/nl\/wp-json\/wp\/v2\/product_cat?post=14243"},{"taxonomy":"product_tag","embeddable":true,"href":"https:\/\/promochaudiere.be\/nl\/wp-json\/wp\/v2\/product_tag?post=14243"}],"curies":[{"name":"wp","href":"https:\/\/api.w.org\/{rel}","templated":true}]}}