{"id":14245,"date":"2025-01-17T09:51:07","date_gmt":"2025-01-17T09:51:07","guid":{"rendered":"https:\/\/promochaudiere.be\/produit\/remeha-service-tool-de-serie-tzerra-s101739\/"},"modified":"2026-02-03T18:15:05","modified_gmt":"2026-02-03T17:15:05","slug":"remeha-service-tool-de-serie-tzerra-s101739","status":"publish","type":"product","link":"https:\/\/promochaudiere.be\/nl\/product\/remeha-service-tool-de-serie-tzerra-s101739\/","title":{"rendered":"Remeha service tool de s\u00e9rie Tzerra S101739"},"content":{"rendered":"<p>Cet outil de service Remeha est sp\u00e9cialement con\u00e7u pour les chaudi\u00e8res de la s\u00e9rie Tzerra. Il permet un diagnostic rapide et pr\u00e9cis des performances du syst\u00e8me. Son interface intuitive facilite l\u2019entretien et les r\u00e9glages. Compact et robuste, il est id\u00e9al pour les professionnels du chauffage. Un accessoire indispensable pour garantir un fonctionnement optimal des chaudi\u00e8res Remeha.<\/p>","protected":false},"excerpt":{"rendered":"<p>Remeha service tool de s\u00e9rie Tzerra S101739<\/p>","protected":false},"featured_media":22429,"comment_status":"open","ping_status":"closed","template":"","meta":[],"product_brand":[],"product_cat":[8840,534],"product_tag":[],"class_list":{"0":"post-14245","1":"product","2":"type-product","3":"status-publish","4":"has-post-thumbnail","6":"product_cat-test","7":"product_cat-thermostat-remeha-fr","8":"pa_marque-remeha","10":"first","11":"instock","12":"sale","13":"taxable","14":"shipping-taxable","15":"purchasable","16":"product-type-simple"},"aioseo_notices":[],"_links":{"self":[{"href":"https:\/\/promochaudiere.be\/nl\/wp-json\/wp\/v2\/product\/14245","targetHints":{"allow":["GET"]}}],"collection":[{"href":"https:\/\/promochaudiere.be\/nl\/wp-json\/wp\/v2\/product"}],"about":[{"href":"https:\/\/promochaudiere.be\/nl\/wp-json\/wp\/v2\/types\/product"}],"replies":[{"embeddable":true,"href":"https:\/\/promochaudiere.be\/nl\/wp-json\/wp\/v2\/comments?post=14245"}],"version-history":[{"count":1,"href":"https:\/\/promochaudiere.be\/nl\/wp-json\/wp\/v2\/product\/14245\/revisions"}],"predecessor-version":[{"id":45750,"href":"https:\/\/promochaudiere.be\/nl\/wp-json\/wp\/v2\/product\/14245\/revisions\/45750"}],"wp:featuredmedia":[{"embeddable":true,"href":"https:\/\/promochaudiere.be\/nl\/wp-json\/wp\/v2\/media\/22429"}],"wp:attachment":[{"href":"https:\/\/promochaudiere.be\/nl\/wp-json\/wp\/v2\/media?parent=14245"}],"wp:term":[{"taxonomy":"product_brand","embeddable":true,"href":"https:\/\/promochaudiere.be\/nl\/wp-json\/wp\/v2\/product_brand?post=14245"},{"taxonomy":"product_cat","embeddable":true,"href":"https:\/\/promochaudiere.be\/nl\/wp-json\/wp\/v2\/product_cat?post=14245"},{"taxonomy":"product_tag","embeddable":true,"href":"https:\/\/promochaudiere.be\/nl\/wp-json\/wp\/v2\/product_tag?post=14245"}],"curies":[{"name":"wp","href":"https:\/\/api.w.org\/{rel}","templated":true}]}}