{"id":14249,"date":"2025-01-17T09:51:08","date_gmt":"2025-01-17T09:51:08","guid":{"rendered":"https:\/\/promochaudiere.be\/produit\/bulex-vase-dexpansion-isotwin-condens-25-30-2l-05737800\/"},"modified":"2026-02-03T18:15:04","modified_gmt":"2026-02-03T17:15:04","slug":"bulex-vase-dexpansion-isotwin-condens-25-30-2l-05737800","status":"publish","type":"product","link":"https:\/\/promochaudiere.be\/nl\/product\/bulex-vase-dexpansion-isotwin-condens-25-30-2l-05737800\/","title":{"rendered":"Bulex vase d&rsquo;expansion Isotwin condens 25\/30 2l 05737800"},"content":{"rendered":"<p>Ce vase d\u2019expansion Bulex permet d\u2019absorber les variations de pression dans les circuits de chauffage. Il prot\u00e8ge l\u2019installation contre les surpressions et am\u00e9liore la long\u00e9vit\u00e9 des \u00e9quipements. Sa conception compacte facilite son installation. Un accessoire cl\u00e9 pour garantir un fonctionnement optimal du chauffage.<\/p>","protected":false},"excerpt":{"rendered":"<p>Bulex vase d&rsquo;expansion Isotwin condens 25\/30 2l 05737800<\/p>","protected":false},"featured_media":21859,"comment_status":"open","ping_status":"closed","template":"","meta":[],"product_brand":[],"product_cat":[9507,8840],"product_tag":[],"class_list":{"0":"post-14249","1":"product","2":"type-product","3":"status-publish","4":"has-post-thumbnail","6":"product_cat-pieces-detachees-bulex","7":"product_cat-test","8":"pa_marque-bulex","10":"first","11":"instock","12":"sale","13":"taxable","14":"shipping-taxable","15":"purchasable","16":"product-type-simple"},"aioseo_notices":[],"_links":{"self":[{"href":"https:\/\/promochaudiere.be\/nl\/wp-json\/wp\/v2\/product\/14249","targetHints":{"allow":["GET"]}}],"collection":[{"href":"https:\/\/promochaudiere.be\/nl\/wp-json\/wp\/v2\/product"}],"about":[{"href":"https:\/\/promochaudiere.be\/nl\/wp-json\/wp\/v2\/types\/product"}],"replies":[{"embeddable":true,"href":"https:\/\/promochaudiere.be\/nl\/wp-json\/wp\/v2\/comments?post=14249"}],"version-history":[{"count":1,"href":"https:\/\/promochaudiere.be\/nl\/wp-json\/wp\/v2\/product\/14249\/revisions"}],"predecessor-version":[{"id":45748,"href":"https:\/\/promochaudiere.be\/nl\/wp-json\/wp\/v2\/product\/14249\/revisions\/45748"}],"wp:featuredmedia":[{"embeddable":true,"href":"https:\/\/promochaudiere.be\/nl\/wp-json\/wp\/v2\/media\/21859"}],"wp:attachment":[{"href":"https:\/\/promochaudiere.be\/nl\/wp-json\/wp\/v2\/media?parent=14249"}],"wp:term":[{"taxonomy":"product_brand","embeddable":true,"href":"https:\/\/promochaudiere.be\/nl\/wp-json\/wp\/v2\/product_brand?post=14249"},{"taxonomy":"product_cat","embeddable":true,"href":"https:\/\/promochaudiere.be\/nl\/wp-json\/wp\/v2\/product_cat?post=14249"},{"taxonomy":"product_tag","embeddable":true,"href":"https:\/\/promochaudiere.be\/nl\/wp-json\/wp\/v2\/product_tag?post=14249"}],"curies":[{"name":"wp","href":"https:\/\/api.w.org\/{rel}","templated":true}]}}