{"id":14250,"date":"2025-01-17T09:51:09","date_gmt":"2025-01-17T09:51:09","guid":{"rendered":"https:\/\/promochaudiere.be\/produit\/herrmann-pompe-fuel-1001900001\/"},"modified":"2026-02-03T18:15:05","modified_gmt":"2026-02-03T17:15:05","slug":"herrmann-pompe-fuel-1001900001","status":"publish","type":"product","link":"https:\/\/promochaudiere.be\/nl\/product\/herrmann-pompe-fuel-1001900001\/","title":{"rendered":"Herrmann pompe fuel 1001900001"},"content":{"rendered":"<p>Cette pompe \u00e0 fioul assure un d\u00e9bit constant pour une alimentation fluide des br\u00fbleurs. Elle garantit une combustion stable et optimis\u00e9e. Sa conception robuste lui conf\u00e8re une grande long\u00e9vit\u00e9. Facile \u00e0 installer, elle s\u2019adapte aux syst\u00e8mes de chauffage existants. Elle am\u00e9liore l\u2019efficacit\u00e9 \u00e9nerg\u00e9tique tout en r\u00e9duisant les \u00e9missions polluantes. Une solution performante pour un chauffage efficace.<\/p>","protected":false},"excerpt":{"rendered":"<p>Herrmann pompe fuel 1001900001<\/p>","protected":false},"featured_media":22515,"comment_status":"open","ping_status":"closed","template":"","meta":[],"product_brand":[],"product_cat":[47,8840],"product_tag":[],"class_list":{"0":"post-14250","1":"product","2":"type-product","3":"status-publish","4":"has-post-thumbnail","6":"product_cat-bruleur-mazout","7":"product_cat-test","8":"pa_marque-herrmann","10":"first","11":"instock","12":"sale","13":"taxable","14":"shipping-taxable","15":"purchasable","16":"product-type-simple"},"aioseo_notices":[],"_links":{"self":[{"href":"https:\/\/promochaudiere.be\/nl\/wp-json\/wp\/v2\/product\/14250","targetHints":{"allow":["GET"]}}],"collection":[{"href":"https:\/\/promochaudiere.be\/nl\/wp-json\/wp\/v2\/product"}],"about":[{"href":"https:\/\/promochaudiere.be\/nl\/wp-json\/wp\/v2\/types\/product"}],"replies":[{"embeddable":true,"href":"https:\/\/promochaudiere.be\/nl\/wp-json\/wp\/v2\/comments?post=14250"}],"version-history":[{"count":1,"href":"https:\/\/promochaudiere.be\/nl\/wp-json\/wp\/v2\/product\/14250\/revisions"}],"predecessor-version":[{"id":45744,"href":"https:\/\/promochaudiere.be\/nl\/wp-json\/wp\/v2\/product\/14250\/revisions\/45744"}],"wp:featuredmedia":[{"embeddable":true,"href":"https:\/\/promochaudiere.be\/nl\/wp-json\/wp\/v2\/media\/22515"}],"wp:attachment":[{"href":"https:\/\/promochaudiere.be\/nl\/wp-json\/wp\/v2\/media?parent=14250"}],"wp:term":[{"taxonomy":"product_brand","embeddable":true,"href":"https:\/\/promochaudiere.be\/nl\/wp-json\/wp\/v2\/product_brand?post=14250"},{"taxonomy":"product_cat","embeddable":true,"href":"https:\/\/promochaudiere.be\/nl\/wp-json\/wp\/v2\/product_cat?post=14250"},{"taxonomy":"product_tag","embeddable":true,"href":"https:\/\/promochaudiere.be\/nl\/wp-json\/wp\/v2\/product_tag?post=14250"}],"curies":[{"name":"wp","href":"https:\/\/api.w.org\/{rel}","templated":true}]}}